{"id":179,"date":"2022-10-15T17:04:00","date_gmt":"2022-10-15T17:04:00","guid":{"rendered":"https:\/\/blessix.ee\/?post_type=product&#038;p=179"},"modified":"2026-05-04T11:42:50","modified_gmt":"2026-05-04T11:42:50","slug":"kullakreem-glamour-50-ml","status":"publish","type":"product","link":"https:\/\/blessix.ee\/fi\/product\/kullakreem-glamour-50-ml\/","title":{"rendered":"Kullakreem siidiga (50 ml)"},"content":{"rendered":"<p>[et_pb_section fb_built=&#8221;1&#8243; _builder_version=&#8221;4.16&#8243; custom_padding=&#8221;0px||||false|false&#8221; collapsed=&#8221;off&#8221; global_colors_info=&#8221;{}&#8221;][et_pb_row _builder_version=&#8221;4.16&#8243; background_size=&#8221;initial&#8221; background_position=&#8221;top_left&#8221; background_repeat=&#8221;repeat&#8221; width=&#8221;100%&#8221; custom_padding=&#8221;0px||0px||false|false&#8221; global_colors_info=&#8221;{}&#8221;][et_pb_column type=&#8221;4_4&#8243; _builder_version=&#8221;4.16&#8243; custom_padding=&#8221;|||&#8221; global_colors_info=&#8221;{}&#8221; custom_padding__hover=&#8221;|||&#8221;][et_pb_wc_cart_notice _builder_version=&#8221;4.18.0&#8243; custom_button=&#8221;on&#8221; button_text_color=&#8221;#ff47fc&#8221; button_border_width=&#8221;1px&#8221; button_border_color=&#8221;#ff47fc&#8221; button_use_icon=&#8221;off&#8221; global_colors_info=&#8221;{}&#8221; button_text_color__hover_enabled=&#8221;on|hover&#8221; button_text_color__hover=&#8221;#FFFFFF&#8221; button_border_color__hover_enabled=&#8221;on|hover&#8221; button_border_color__hover=&#8221;#FFFFFF&#8221;][\/et_pb_wc_cart_notice][\/et_pb_column][\/et_pb_row][et_pb_row column_structure=&#8221;1_2,1_2&#8243; _builder_version=&#8221;4.23.1&#8243; background_size=&#8221;initial&#8221; background_position=&#8221;top_left&#8221; background_repeat=&#8221;repeat&#8221; width=&#8221;100%&#8221; custom_padding=&#8221;0px||||false|false&#8221; global_colors_info=&#8221;{}&#8221;][et_pb_column type=&#8221;1_2&#8243; _builder_version=&#8221;4.16&#8243; custom_padding=&#8221;|||&#8221; global_colors_info=&#8221;{}&#8221; custom_padding__hover=&#8221;|||&#8221;][et_pb_image src=&#8221;https:\/\/blessix.ee\/wp-content\/uploads\/2022\/10\/signal-2023-11-30-225454_002.jpg&#8221; title_text=&#8221;signal-2023-11-30-225454_002&#8243; _builder_version=&#8221;4.23.1&#8243; _module_preset=&#8221;default&#8221; global_colors_info=&#8221;{}&#8221;][\/et_pb_image][\/et_pb_column][et_pb_column type=&#8221;1_2&#8243; _builder_version=&#8221;4.16&#8243; custom_padding=&#8221;|||&#8221; global_colors_info=&#8221;{}&#8221; custom_padding__hover=&#8221;|||&#8221;][et_pb_wc_title _builder_version=&#8221;4.16&#8243; global_colors_info=&#8221;{}&#8221;][\/et_pb_wc_title][et_pb_wc_price _builder_version=&#8221;4.16&#8243; global_colors_info=&#8221;{}&#8221;][\/et_pb_wc_price][et_pb_text _builder_version=&#8221;4.18.0&#8243; _module_preset=&#8221;default&#8221; global_colors_info=&#8221;{}&#8221;]<\/p>\n<p>Kreemi koostisse kuulub lisaks siidile (18 aminohapet) bioloogiline 24-karaadine kuld ja h\u00f5be, mis t\u00f5stavad naha v\u00f5imet paremini imenduda aktiivseid toitaineid. Hoiab naha puhta ja klaarina. Kuldsed s\u00e4ramikronid annavad visuaalselt kohese noorendava ja v\u00e4rske efekti. Kreem suurendab naharakkude aktiivsust, aeglustab vananemisprotsessi, v\u00e4ldib pigmendilaikude tekkimist. Annab n\u00e4ole v\u00e4rskuse ning sametise pehmuse. T\u00e4nu naturaalsete komponentidele on kreem ebatavaliselt efektiivne. V\u00e4hendab miimikakortse ning taastab naha eluj\u00f5u ja sileduse. 100%naturaalne<\/p>\n<p>[\/et_pb_text][et_pb_wc_description _builder_version=&#8221;4.16&#8243; global_colors_info=&#8221;{}&#8221;][\/et_pb_wc_description][et_pb_wc_add_to_cart _builder_version=&#8221;4.16&#8243; global_colors_info=&#8221;{}&#8221;][\/et_pb_wc_add_to_cart][\/et_pb_column][\/et_pb_row][et_pb_row _builder_version=&#8221;4.18.0&#8243; _module_preset=&#8221;default&#8221; width=&#8221;100%&#8221; global_colors_info=&#8221;{}&#8221;][et_pb_column type=&#8221;4_4&#8243; _builder_version=&#8221;4.18.0&#8243; _module_preset=&#8221;default&#8221; global_colors_info=&#8221;{}&#8221;][et_pb_tabs _builder_version=&#8221;4.18.0&#8243; _module_preset=&#8221;default&#8221; global_colors_info=&#8221;{}&#8221;][et_pb_tab title=&#8221;Kirjeldus&#8221; _builder_version=&#8221;4.18.0&#8243; _module_preset=&#8221;default&#8221; global_colors_info=&#8221;{}&#8221;]<\/p>\n<p>Kreemi koostisse kuulub lisaks siidile bioloogiline 24-karaadine kuld ja h\u00f5be, mis t\u00f5stavad naha v\u00f5imet paremini imenduda aktiivseid toitaineid. Hoiab naha puhta ja klaarina. Kuldsed s\u00e4ramikronid annavad visuaalselt kohese noorendava ja v\u00e4rske efekti. Kreem suurendab naharakkude aktiivsust, aeglustab vananemisprotsessi, v\u00e4ldib pigmendilaikude tekkimist. Annab n\u00e4ole v\u00e4rskuse ning sametise pehmuse. T\u00e4nu naturaalsete komponentide on kreem ebatavaliselt efektiivne. V\u00e4hendab miimikakortse ning taastab naha eluj\u00f5u ja sileduse. Jasmiin teeb naha elastseks.<\/p>\n<p>[\/et_pb_tab][et_pb_tab title=&#8221;Koostis&#8221; _builder_version=&#8221;4.18.0&#8243; _module_preset=&#8221;default&#8221; global_colors_info=&#8221;{}&#8221;]<\/p>\n<p>Destilleeritud vesi, Kuld- ja h\u00f5be kolloid, granaat\u00f5unaseemne\u00f5li, riisi\u00f5li, avokaado\u00f5li, sheav\u00f5i, kookos\u00f5li, p\u00e4evalilleseemne \u00f5li, Jaapani riisipulber, siidi peptiidid, 18 aminohapet, E vitamiin, taimne gl\u00fctseriin. letsitiin. jasmiin\u00a0 (naturaalne).<\/p>\n<p>[\/et_pb_tab][et_pb_tab title=&#8221;Kasutus&#8221; _builder_version=&#8221;4.18.0&#8243; _module_preset=&#8221;default&#8221; global_colors_info=&#8221;{}&#8221;]<\/p>\n<p>\u00a01-2 korda p\u00e4evas kanda puhtale n\u00e4ole, kaelale ja vajadusel dekolteele v\u00e4ike kogus kullakreemi ja masseerige see sisse kuni kreemi imendumiseni. Lase kreemil m\u00f5ni minut m\u00f5juda. Sobib igale nahat\u00fc\u00fcbile. Imendub kiiresti, sobib ka meigi alla. Kui kreem tundub liiga rammus, kasuta v\u00e4hem kui tavap\u00e4raselt harjunud oled.<\/p>\n<p>[\/et_pb_tab][\/et_pb_tabs][\/et_pb_column][\/et_pb_row][\/et_pb_section]<\/p>\n","protected":false},"excerpt":{"rendered":"<ol>\n<li><\/li>\n<\/ol>","protected":false},"featured_media":512,"comment_status":"open","ping_status":"closed","template":"","meta":{"_et_pb_use_builder":"on","_et_pb_old_content":"","_et_gb_content_width":"","om_disable_all_campaigns":false,"_monsterinsights_skip_tracking":false,"_monsterinsights_sitenote_active":false,"_monsterinsights_sitenote_note":"","_monsterinsights_sitenote_category":0,"_themeisle_gutenberg_block_has_review":false},"product_brand":[],"product_cat":[26],"product_tag":[],"class_list":{"0":"post-179","1":"product","2":"type-product","3":"status-publish","4":"has-post-thumbnail","6":"product_cat-naohooldus","8":"first","9":"instock","10":"sale","11":"shipping-taxable","12":"purchasable","13":"product-type-simple"},"aioseo_notices":[],"jetpack_sharing_enabled":true,"_links":{"self":[{"href":"https:\/\/blessix.ee\/fi\/wp-json\/wp\/v2\/product\/179","targetHints":{"allow":["GET"]}}],"collection":[{"href":"https:\/\/blessix.ee\/fi\/wp-json\/wp\/v2\/product"}],"about":[{"href":"https:\/\/blessix.ee\/fi\/wp-json\/wp\/v2\/types\/product"}],"replies":[{"embeddable":true,"href":"https:\/\/blessix.ee\/fi\/wp-json\/wp\/v2\/comments?post=179"}],"wp:featuredmedia":[{"embeddable":true,"href":"https:\/\/blessix.ee\/fi\/wp-json\/wp\/v2\/media\/512"}],"wp:attachment":[{"href":"https:\/\/blessix.ee\/fi\/wp-json\/wp\/v2\/media?parent=179"}],"wp:term":[{"taxonomy":"product_brand","embeddable":true,"href":"https:\/\/blessix.ee\/fi\/wp-json\/wp\/v2\/product_brand?post=179"},{"taxonomy":"product_cat","embeddable":true,"href":"https:\/\/blessix.ee\/fi\/wp-json\/wp\/v2\/product_cat?post=179"},{"taxonomy":"product_tag","embeddable":true,"href":"https:\/\/blessix.ee\/fi\/wp-json\/wp\/v2\/product_tag?post=179"}],"curies":[{"name":"wp","href":"https:\/\/api.w.org\/{rel}","templated":true}]}}