{"id":186,"date":"2022-10-15T17:27:22","date_gmt":"2022-10-15T17:27:22","guid":{"rendered":"https:\/\/blessix.ee\/?post_type=product&#038;p=186"},"modified":"2023-12-05T12:47:12","modified_gmt":"2023-12-05T12:47:12","slug":"kuunepalsam-15-ml","status":"publish","type":"product","link":"https:\/\/blessix.ee\/fi\/product\/kuunepalsam-15-ml\/","title":{"rendered":"K\u00fc\u00fcnepalsam (15 ml)"},"content":{"rendered":"<p>[et_pb_section fb_built=&#8221;1&#8243; _builder_version=&#8221;4.16&#8243; custom_padding=&#8221;0px||||false|false&#8221; global_colors_info=&#8221;{}&#8221;][et_pb_row _builder_version=&#8221;4.16&#8243; background_size=&#8221;initial&#8221; background_position=&#8221;top_left&#8221; background_repeat=&#8221;repeat&#8221; width=&#8221;100%&#8221; custom_padding=&#8221;0px||0px||false|false&#8221; global_colors_info=&#8221;{}&#8221;][et_pb_column type=&#8221;4_4&#8243; _builder_version=&#8221;4.16&#8243; custom_padding=&#8221;|||&#8221; global_colors_info=&#8221;{}&#8221; custom_padding__hover=&#8221;|||&#8221;][et_pb_wc_cart_notice _builder_version=&#8221;4.18.0&#8243; custom_button=&#8221;on&#8221; button_text_color=&#8221;#ff47fc&#8221; button_border_width=&#8221;1px&#8221; button_border_color=&#8221;#ff47fc&#8221; button_use_icon=&#8221;off&#8221; global_colors_info=&#8221;{}&#8221; button_text_color__hover_enabled=&#8221;on|hover&#8221; button_text_color__hover=&#8221;#FFFFFF&#8221; button_border_color__hover_enabled=&#8221;on|desktop&#8221; button_border_color__hover=&#8221;#FFFFFF&#8221;][\/et_pb_wc_cart_notice][\/et_pb_column][\/et_pb_row][et_pb_row column_structure=&#8221;1_2,1_2&#8243; _builder_version=&#8221;4.16&#8243; background_size=&#8221;initial&#8221; background_position=&#8221;top_left&#8221; background_repeat=&#8221;repeat&#8221; width=&#8221;100%&#8221; custom_padding=&#8221;0px||||false|false&#8221; global_colors_info=&#8221;{}&#8221;][et_pb_column type=&#8221;1_2&#8243; _builder_version=&#8221;4.16&#8243; custom_padding=&#8221;|||&#8221; global_colors_info=&#8221;{}&#8221; custom_padding__hover=&#8221;|||&#8221;][et_pb_image src=&#8221;https:\/\/blessix.ee\/wp-content\/uploads\/2022\/10\/Kuune-palsam.png&#8221; title_text=&#8221;K\u00fc\u00fcne palsam&#8221; _builder_version=&#8221;4.18.0&#8243; _module_preset=&#8221;default&#8221; box_shadow_style=&#8221;preset1&#8243; box_shadow_blur=&#8221;7px&#8221; global_colors_info=&#8221;{}&#8221;][\/et_pb_image][\/et_pb_column][et_pb_column type=&#8221;1_2&#8243; _builder_version=&#8221;4.16&#8243; custom_padding=&#8221;|||&#8221; global_colors_info=&#8221;{}&#8221; custom_padding__hover=&#8221;|||&#8221;][et_pb_wc_title _builder_version=&#8221;4.16&#8243; global_colors_info=&#8221;{}&#8221;][\/et_pb_wc_title][et_pb_wc_price _builder_version=&#8221;4.16&#8243; global_colors_info=&#8221;{}&#8221;][\/et_pb_wc_price][et_pb_text _builder_version=&#8221;4.18.0&#8243; _module_preset=&#8221;default&#8221; global_colors_info=&#8221;{}&#8221;]<\/p>\n<p>Kas oled unistanud, et su k\u00fc\u00fcned s\u00e4raksid nagu teemantid ja sa ei pea oma k\u00e4si inetute k\u00fc\u00fcnte p\u00e4rast taskusse v\u00f5i kindasse peitma. Kui jah, siis selleks on loodud palsam, mis teeb k\u00fc\u00fcneplaadi ilusaks ja terveks.<\/p>\n<p>[\/et_pb_text][et_pb_wc_description _builder_version=&#8221;4.16&#8243; global_colors_info=&#8221;{}&#8221;][\/et_pb_wc_description][et_pb_wc_add_to_cart _builder_version=&#8221;4.16&#8243; global_colors_info=&#8221;{}&#8221;][\/et_pb_wc_add_to_cart][\/et_pb_column][\/et_pb_row][et_pb_row _builder_version=&#8221;4.18.0&#8243; _module_preset=&#8221;default&#8221; width=&#8221;100%&#8221; global_colors_info=&#8221;{}&#8221;][et_pb_column type=&#8221;4_4&#8243; _builder_version=&#8221;4.18.0&#8243; _module_preset=&#8221;default&#8221; global_colors_info=&#8221;{}&#8221;][et_pb_tabs _builder_version=&#8221;4.18.0&#8243; _module_preset=&#8221;default&#8221; global_colors_info=&#8221;{}&#8221;][et_pb_tab title=&#8221;Kirjeldus&#8221; _builder_version=&#8221;4.18.0&#8243; _module_preset=&#8221;default&#8221; global_colors_info=&#8221;{}&#8221;]<\/p>\n<p>Kas oled unistanud, et su k\u00fc\u00fcned s\u00e4raksid nagu teemantid ja sa ei pea oma k\u00e4si inetute k\u00fc\u00fcnte p\u00e4rast taskusse v\u00f5i kindasse peitma. Kui jah, siis selleks on loodud palsam, mis teeb k\u00fc\u00fcneplaadi ilusaks ja terveks.<\/p>\n<p>[\/et_pb_tab][et_pb_tab title=&#8221;Koostis&#8221; _builder_version=&#8221;4.18.0&#8243; _module_preset=&#8221;default&#8221; global_colors_info=&#8221;{}&#8221;]<\/p>\n<p>Palsami valem koosneb vitamiini kompleksist A+E+F, lisaks sisaldab sheav\u00f5id, gl\u00fctseriini, viinamarjaseemne\u00f5li ja ritsinoleiinhappe trigl\u00fctseriide, oleiinhapet ja vanillhapet, mis tagab n\u00f5rkade ja hapratele k\u00fc\u00fcntele ja k\u00fc\u00fcnenahkadele t\u00e4iusliku hoolduse ja kaitse.<\/p>\n<p>[\/et_pb_tab][et_pb_tab title=&#8221;Omadused&#8221; _builder_version=&#8221;4.18.0&#8243; _module_preset=&#8221;default&#8221; global_colors_info=&#8221;{}&#8221;]<\/p>\n<p>M\u00f5ningase kasutamise jooksul, muutub k\u00fc\u00fcnte seisukord silmn\u00e4htavalt paremaks. Sobib ka professionaalseks kasutamiseks ilusalongides. Kasuta oma k\u00fc\u00fcnte taastamiseks v\u00f5i tugevdamiseks. V\u00e4ga hea turgutus peale geelk\u00fc\u00fcnte v\u00f5i kunstk\u00fc\u00fcnte eemaldamist, kasuta igap\u00e4evaselt,tulemust m\u00e4rkad juba \u00fcsna kiiresti, parandab ka katkised k\u00fc\u00fcnenahad, k\u00fc\u00fcneotsad.<\/p>\n<p>[\/et_pb_tab][et_pb_tab title=&#8221;Kasutamine&#8221; _builder_version=&#8221;4.18.0&#8243; _module_preset=&#8221;default&#8221; global_colors_info=&#8221;{}&#8221;]<\/p>\n<p>Kanna k\u00fc\u00fcneplaadile ja selle \u00fcmbrusele, k\u00fc\u00fcnenahkadele ja k\u00fc\u00fcnteotstele. Masseeri k\u00fc\u00fcnepalsam k\u00fc\u00fcntele imendumiseni, peale seda vajadusel poleeri. Kata kogu k\u00fc\u00fcneplaat uuesti. Tulemuseks topelt tugevad ja ilusad k\u00fc\u00fcned. Kasuta iga p\u00e4ev 1-2 kuu jooksul. Valitud Eesti parimaks manik\u00fc\u00fcri tooteks.<\/p>\n<p>[\/et_pb_tab][\/et_pb_tabs][\/et_pb_column][\/et_pb_row][\/et_pb_section]<\/p>\n","protected":false},"excerpt":{"rendered":"<p>Kas oled unistanud, et su k\u00fc\u00fcned s\u00e4raksid nagu teemantid ja sa ei pea oma k\u00e4si inetute k\u00fc\u00fcnte p\u00e4rast taskusse v\u00f5i kindasse peitma. Kui jah, siis selleks on loodud palsam, mis teeb k\u00fc\u00fcneplaadi ilusaks ja terveks.Kas oled unistanud, et su k\u00fc\u00fcned s\u00e4raksid nagu teemantid ja sa ei pea oma k\u00e4si inetute k\u00fc\u00fcnte p\u00e4rast taskusse v\u00f5i kindasse [&hellip;]<\/p>\n","protected":false},"featured_media":167,"comment_status":"open","ping_status":"closed","template":"","meta":{"_et_pb_use_builder":"on","_et_pb_old_content":"","_et_gb_content_width":"","om_disable_all_campaigns":false,"_monsterinsights_skip_tracking":false,"_monsterinsights_sitenote_active":false,"_monsterinsights_sitenote_note":"","_monsterinsights_sitenote_category":0,"_themeisle_gutenberg_block_has_review":false},"product_brand":[],"product_cat":[17],"product_tag":[],"class_list":{"0":"post-186","1":"product","2":"type-product","3":"status-publish","4":"has-post-thumbnail","6":"product_cat-uncategorized","8":"first","9":"outofstock","10":"shipping-taxable","11":"purchasable","12":"product-type-simple"},"aioseo_notices":[],"jetpack_sharing_enabled":true,"_links":{"self":[{"href":"https:\/\/blessix.ee\/fi\/wp-json\/wp\/v2\/product\/186","targetHints":{"allow":["GET"]}}],"collection":[{"href":"https:\/\/blessix.ee\/fi\/wp-json\/wp\/v2\/product"}],"about":[{"href":"https:\/\/blessix.ee\/fi\/wp-json\/wp\/v2\/types\/product"}],"replies":[{"embeddable":true,"href":"https:\/\/blessix.ee\/fi\/wp-json\/wp\/v2\/comments?post=186"}],"wp:featuredmedia":[{"embeddable":true,"href":"https:\/\/blessix.ee\/fi\/wp-json\/wp\/v2\/media\/167"}],"wp:attachment":[{"href":"https:\/\/blessix.ee\/fi\/wp-json\/wp\/v2\/media?parent=186"}],"wp:term":[{"taxonomy":"product_brand","embeddable":true,"href":"https:\/\/blessix.ee\/fi\/wp-json\/wp\/v2\/product_brand?post=186"},{"taxonomy":"product_cat","embeddable":true,"href":"https:\/\/blessix.ee\/fi\/wp-json\/wp\/v2\/product_cat?post=186"},{"taxonomy":"product_tag","embeddable":true,"href":"https:\/\/blessix.ee\/fi\/wp-json\/wp\/v2\/product_tag?post=186"}],"curies":[{"name":"wp","href":"https:\/\/api.w.org\/{rel}","templated":true}]}}