{"id":361,"date":"2023-11-03T18:23:31","date_gmt":"2023-11-03T18:23:31","guid":{"rendered":"https:\/\/blessix.ee\/?post_type=product&#038;p=361"},"modified":"2025-12-11T11:51:23","modified_gmt":"2025-12-11T11:51:23","slug":"juuksehooldus-kinkekomplekt","status":"publish","type":"product","link":"https:\/\/blessix.ee\/fi\/product\/juuksehooldus-kinkekomplekt\/","title":{"rendered":"Juuksehooldus kinkekomplekt OTSAS!"},"content":{"rendered":"<p>[et_pb_section fb_built=&#8221;1&#8243; _builder_version=&#8221;4.16&#8243; custom_padding=&#8221;0px||||false|false&#8221; global_colors_info=&#8221;{}&#8221;][et_pb_row _builder_version=&#8221;4.16&#8243; background_size=&#8221;initial&#8221; background_position=&#8221;top_left&#8221; background_repeat=&#8221;repeat&#8221; width=&#8221;100%&#8221; custom_padding=&#8221;0px||0px||false|false&#8221; global_colors_info=&#8221;{}&#8221;][et_pb_column type=&#8221;4_4&#8243; _builder_version=&#8221;4.16&#8243; custom_padding=&#8221;|||&#8221; global_colors_info=&#8221;{}&#8221; custom_padding__hover=&#8221;|||&#8221;][et_pb_wc_cart_notice _builder_version=&#8221;4.19.0&#8243; custom_button=&#8221;on&#8221; button_text_color=&#8221;#ff47fc&#8221; button_border_width=&#8221;1px&#8221; button_border_color=&#8221;#ff47fc&#8221; global_colors_info=&#8221;{}&#8221; button_text_color__hover_enabled=&#8221;on|hover&#8221; button_text_color__hover=&#8221;#FFFFFF&#8221; button_border_color__hover_enabled=&#8221;on|hover&#8221; button_border_color__hover=&#8221;#FFFFFF&#8221;][\/et_pb_wc_cart_notice][\/et_pb_column][\/et_pb_row][et_pb_row column_structure=&#8221;1_2,1_2&#8243; _builder_version=&#8221;4.16&#8243; background_size=&#8221;initial&#8221; background_position=&#8221;top_left&#8221; background_repeat=&#8221;repeat&#8221; width=&#8221;100%&#8221; custom_padding=&#8221;0px||||false|false&#8221; global_colors_info=&#8221;{}&#8221;][et_pb_column type=&#8221;1_2&#8243; _builder_version=&#8221;4.16&#8243; custom_padding=&#8221;|||&#8221; global_colors_info=&#8221;{}&#8221; custom_padding__hover=&#8221;|||&#8221;][et_pb_image src=&#8221;https:\/\/blessix.ee\/wp-content\/uploads\/2023\/11\/roosa-karp-pvc-aknaga-kastmepurkide-jaoks.png&#8221; title_text=&#8221;roosa-karp-pvc-aknaga-kastmepurkide-jaoks&#8221; _builder_version=&#8221;4.19.0&#8243; _module_preset=&#8221;default&#8221; box_shadow_style=&#8221;preset1&#8243; global_colors_info=&#8221;{}&#8221;][\/et_pb_image][\/et_pb_column][et_pb_column type=&#8221;1_2&#8243; _builder_version=&#8221;4.16&#8243; custom_padding=&#8221;|||&#8221; global_colors_info=&#8221;{}&#8221; custom_padding__hover=&#8221;|||&#8221;][et_pb_wc_title _builder_version=&#8221;4.16&#8243; global_colors_info=&#8221;{}&#8221;][\/et_pb_wc_title][et_pb_wc_price _builder_version=&#8221;4.16&#8243; global_colors_info=&#8221;{}&#8221;][\/et_pb_wc_price][et_pb_wc_description _builder_version=&#8221;4.16&#8243; global_colors_info=&#8221;{}&#8221;][\/et_pb_wc_description][et_pb_wc_add_to_cart _builder_version=&#8221;4.16&#8243; global_colors_info=&#8221;{}&#8221;][\/et_pb_wc_add_to_cart][\/et_pb_column][\/et_pb_row][et_pb_row _builder_version=&#8221;4.19.0&#8243; _module_preset=&#8221;default&#8221; width=&#8221;100%&#8221; global_colors_info=&#8221;{}&#8221;][et_pb_column type=&#8221;4_4&#8243; _builder_version=&#8221;4.19.0&#8243; _module_preset=&#8221;default&#8221; global_colors_info=&#8221;{}&#8221;][et_pb_tabs _builder_version=&#8221;4.19.0&#8243; _module_preset=&#8221;default&#8221; global_colors_info=&#8221;{}&#8221;][et_pb_tab title=&#8221;Kirjeldus&#8221; _builder_version=&#8221;4.18.0&#8243; _module_preset=&#8221;default&#8221; global_colors_info=&#8221;{}&#8221;]<\/p>\n<p>Kinkekomplekt: juuksesiid, juuksekeratiin, Victoria pusapalsam. Kolm hooldustoodet viimistlemiseks, kaitsmiseks kuuma ja k\u00fclma eest ja paremaks kammitavuseks.<\/p>\n<p>Juuksesiid: Kaitsev ja hooldav juuksesiid on meie kliimas suurep\u00e4rane toode. Juuksesiidiga saad oma juukseid kaitsta nii kuuma (f\u00f6\u00f6nitamine, p\u00e4ike) kui ka k\u00fclma eest, lisasime sellele siidipeptiidi, kullas\u00e4ra ja vitamiine. Sisaldab vajalikke aineid, et juuksed kasvaksid tugevamad ja oleksid seet\u00f5ttu ka tervemad. Eemaldab staatilise elektri, juuksed on hooldatud, pehmemad ja siidised. Panime mugavasse pudelisse 200 ml juuksesiidi, et saaksid seda kauem kasutada. Suurep\u00e4rane kasutada koos juukse\u00f5li ja siidise juuksemaskiga. Annab kuumakaitse (sirgendamine, f\u00f6\u00f6nitamine, p\u00e4ike) ja k\u00fclmakaitse, paneb juuksed m\u00f5nusalt l\u00f5hnama ja kaitseb neid ilmastiku m\u00f5jude ning staatilise elektri eest. Sobib keskmise ja tugevamale juuksestruktuurile.<\/p>\n<p>Juuksekeratiin: Regenereerib, silub, annab vol\u00fc\u00fcmi. T\u00f5hus juuste hooldus keratiini ja vitamiinidega. Parandab juuste struktuuri, tugevdab ja taastab \u00f5rna juuksekiu. Toode sisaldab h\u00fcdrol\u00fc\u00fcsitud keratiini, aktiivset elementi, mis imendudes aitab t\u00f5hustada juuksekiu tugevdamist. Selle t\u00f5ttu on juuksed kaitstud ja muutuvad iga p\u00e4evaga tugevamaks. Juuksed n\u00e4evad v\u00e4lja tervetena, s\u00e4ravate ja elusatena. Lisaks sellele muudab juuksekeratiin m\u00e4rgatavalt juukse struktuuri ja tagab sobiva niiskuse taseme, muutes kammimise ja t\u00f6\u00f6tlemise lihtsamaks.T\u00e4nu optimaalsele valemile saab toodet kasutada k\u00f5ikide juuste t\u00fc\u00fcpide jaoks. See on eriti soovitatav blondidele, \u00f5hukestele,n\u00f5rkadele ja kuivadele, habrastele juustele.<\/p>\n<p>Pusapalsam: Juusesse j\u00e4etav palsam VICTORIA on m\u00f5eldud neile, kelle juuksed kipuvad pusasse minema ja neid on raske kammida, eriti p\u00e4rast \u0161ampoonitamist.Toote \u00fcheks koostisosaks on D-pantenool, mis nagu keratiin imendub h\u00e4sti, t\u00e4nu millele annab see s\u00e4ra, sileduse ja niisutab juukseid ja takistab juusteotste l\u00f5henemist. Teeb juuksed pehmeks ja neid on kergem kammida. J\u00e4ta sprei niisutus juustesse.<\/p>\n<p>&nbsp;<\/p>\n<p>[\/et_pb_tab][et_pb_tab title=&#8221;Omadused&#8221; _builder_version=&#8221;4.18.0&#8243; _module_preset=&#8221;default&#8221; global_colors_info=&#8221;{}&#8221;]<\/p>\n<p>Juuksekeratiin: L\u00d5HNANOOT: mahlased l\u00f5unamaised puuviljad. Sisaldab s\u00e4ramikronit \u2013 Aktiivsed elemendid: h\u00fcdrol\u00fc\u00fcsitud keratiin, pantenool, kaltsiumi \u00fchendid, vitamiinid: B8, H, A<\/p>\n<p>Pusapalsam: Sisaldab ka vitamiine sisaldavat vitamiinikompleksi, nagu A-, E-, H- ja B-vitamiinid (B7, B8) ning kaltsiumi\u00fchendeid, mis kaitsevad mehaaniliste kahjustuste eest, kindlustavad ilmastikutingimuste, k\u00f5rge temperatuuri ja kuumt\u00f6\u00f6tlemise negatiivse m\u00f5ju eest.<\/p>\n<p>Juuksesiid: Aqua, Cocamidopropyl Betaine,Hydrolyzed Silk,Panthenol, Phenoxyethanol,PEG-20 Castor Oil,Propylene Glycol PEG-60 Hydrogenated Castor Oil,Calcium Pantothenate, Inositol, Biotin, Retinol,Tocopheryl Acetate, Glyceryl Linoleat, Glyceryl Arachidonate, vitamiinid Parfum<\/p>\n<p>[\/et_pb_tab][et_pb_tab title=&#8221;Kasutamine&#8221; _builder_version=&#8221;4.18.0&#8243; _module_preset=&#8221;default&#8221; global_colors_info=&#8221;{}&#8221;]<\/p>\n<p>Juuksesiid: Kanna k\u00fc\u00fcneplaadile ja selle \u00fcmbrusele, k\u00fc\u00fcnenahkadele ja k\u00fc\u00fcnteotstele. Masseeri k\u00fc\u00fcnepalsam k\u00fc\u00fcntele imendumiseni, peale seda vajadusel poleeri. Kata kogu k\u00fc\u00fcneplaat uuesti. Tulemuseks topelt tugevad ja ilusad k\u00fc\u00fcned. Kasuta iga p\u00e4ev 1-2 kuu jooksul. Valitud Eesti parimaks manik\u00fc\u00fcri tooteks.<\/p>\n<p>Juuksekeratiin: Kanda kuivadesse v\u00f5i r\u00e4tikukuivadesse juustesse. Sobib eriti h\u00e4sti blondidele v\u00f5i \u00f5hukestele juustele, v\u00f5i ka neile kes soovivad oma juukseid keratiiniga toita ja sirgemaks muuta. Hea kasutada ka enne f\u00f6\u00f6nitamist v\u00f5i kuumt\u00f6\u00f6tlemist. V\u00e4ga hea kasutada koos toitva juukseseerumi v\u00f5i termokaitse superseerumiga. Aitab juukseid sirgematena hoida.<\/p>\n<p>Pusapalsam: Enne kasutamist loksutada. Pihustage \u00fchtlaselt niiskete juuste peale. \u00c4ra loputa! Sprei kasutamine h\u00f5lbustab kammitavust ja aitab juukseid soengusse viimistleda. Juuksed j\u00e4\u00e4vad pehmeks, siledaks ja siidiseks. L\u00d5HNANOOT: Toode j\u00e4tab juustele meeldiva, peene ja kauakestva magusate tsitrusviljade l\u00f5hna, millel on lilleline aktsent. Toode ei vaja v\u00e4lja loputamist. V\u00e4ltida silma sattumist. Eriti kuivade juuste korral v\u00f5ib kasutada igap\u00e4evaselt. Sobib igale juukset\u00fc\u00fcbile.<\/p>\n<p>[\/et_pb_tab][\/et_pb_tabs][\/et_pb_column][\/et_pb_row][\/et_pb_section]<\/p>\n","protected":false},"excerpt":{"rendered":"<p>Kinkekomplekt: keratiin, siid ja pusapalsam. Kolm hooldustoodet soengu viimistlemiseks, kaitsmiseks kuuma, f\u00f6\u00f6nitamise ja k\u00fclma eest ning paremaks kammitavuseks.<\/p>\n<p>&nbsp;<\/p>","protected":false},"featured_media":362,"comment_status":"open","ping_status":"closed","template":"","meta":{"_et_pb_use_builder":"on","_et_pb_old_content":"","_et_gb_content_width":"","om_disable_all_campaigns":false,"_monsterinsights_skip_tracking":false,"_monsterinsights_sitenote_active":false,"_monsterinsights_sitenote_note":"","_monsterinsights_sitenote_category":0,"_themeisle_gutenberg_block_has_review":false},"product_brand":[],"product_cat":[17],"product_tag":[32,31],"class_list":{"0":"post-361","1":"product","2":"type-product","3":"status-publish","4":"has-post-thumbnail","6":"product_cat-uncategorized","7":"product_tag-blessix","8":"product_tag-juuksesiid","10":"first","11":"outofstock","12":"shipping-taxable","13":"purchasable","14":"product-type-simple"},"aioseo_notices":[],"jetpack_sharing_enabled":true,"_links":{"self":[{"href":"https:\/\/blessix.ee\/fi\/wp-json\/wp\/v2\/product\/361","targetHints":{"allow":["GET"]}}],"collection":[{"href":"https:\/\/blessix.ee\/fi\/wp-json\/wp\/v2\/product"}],"about":[{"href":"https:\/\/blessix.ee\/fi\/wp-json\/wp\/v2\/types\/product"}],"replies":[{"embeddable":true,"href":"https:\/\/blessix.ee\/fi\/wp-json\/wp\/v2\/comments?post=361"}],"wp:featuredmedia":[{"embeddable":true,"href":"https:\/\/blessix.ee\/fi\/wp-json\/wp\/v2\/media\/362"}],"wp:attachment":[{"href":"https:\/\/blessix.ee\/fi\/wp-json\/wp\/v2\/media?parent=361"}],"wp:term":[{"taxonomy":"product_brand","embeddable":true,"href":"https:\/\/blessix.ee\/fi\/wp-json\/wp\/v2\/product_brand?post=361"},{"taxonomy":"product_cat","embeddable":true,"href":"https:\/\/blessix.ee\/fi\/wp-json\/wp\/v2\/product_cat?post=361"},{"taxonomy":"product_tag","embeddable":true,"href":"https:\/\/blessix.ee\/fi\/wp-json\/wp\/v2\/product_tag?post=361"}],"curies":[{"name":"wp","href":"https:\/\/api.w.org\/{rel}","templated":true}]}}