{"id":590,"date":"2024-01-30T10:07:52","date_gmt":"2024-01-30T10:07:52","guid":{"rendered":"https:\/\/blessix.ee\/?post_type=product&#038;p=590"},"modified":"2026-05-02T08:06:09","modified_gmt":"2026-05-02T08:06:09","slug":"uus-silmaumbruse-geel-seerum-15ml","status":"publish","type":"product","link":"https:\/\/blessix.ee\/fi\/product\/uus-silmaumbruse-geel-seerum-15ml\/","title":{"rendered":"OTSAS! Silma\u00fcmbruse kullageel 15ml"},"content":{"rendered":"<p>[et_pb_section fb_built=&#8221;1&#8243; _builder_version=&#8221;4.16&#8243; custom_padding=&#8221;0px||||false|false&#8221; global_colors_info=&#8221;{}&#8221;][et_pb_row _builder_version=&#8221;4.16&#8243; background_size=&#8221;initial&#8221; background_position=&#8221;top_left&#8221; background_repeat=&#8221;repeat&#8221; width=&#8221;100%&#8221; custom_padding=&#8221;0px||0px||false|false&#8221; global_colors_info=&#8221;{}&#8221;][et_pb_column type=&#8221;4_4&#8243; _builder_version=&#8221;4.16&#8243; custom_padding=&#8221;|||&#8221; global_colors_info=&#8221;{}&#8221; custom_padding__hover=&#8221;|||&#8221;][et_pb_wc_breadcrumb disabled_on=&#8221;on|on|on&#8221; _builder_version=&#8221;4.24.0&#8243; disabled=&#8221;on&#8221; global_colors_info=&#8221;{}&#8221;][\/et_pb_wc_breadcrumb][et_pb_wc_cart_notice _builder_version=&#8221;4.24.0&#8243; custom_button=&#8221;on&#8221; button_text_color=&#8221;#ff47fc&#8221; button_border_color=&#8221;#ff47fc&#8221; global_colors_info=&#8221;{}&#8221; button_border_color__hover_enabled=&#8221;on|hover&#8221; button_border_color__hover=&#8221;#FFFFFF&#8221; button_text_color__hover_enabled=&#8221;on|hover&#8221; button_text_color__hover=&#8221;#FFFFFF&#8221;][\/et_pb_wc_cart_notice][\/et_pb_column][\/et_pb_row][et_pb_row column_structure=&#8221;1_2,1_2&#8243; _builder_version=&#8221;4.16&#8243; background_size=&#8221;initial&#8221; background_position=&#8221;top_left&#8221; background_repeat=&#8221;repeat&#8221; width=&#8221;100%&#8221; custom_padding=&#8221;0px||||false|false&#8221; global_colors_info=&#8221;{}&#8221;][et_pb_column type=&#8221;1_2&#8243; _builder_version=&#8221;4.16&#8243; custom_padding=&#8221;|||&#8221; global_colors_info=&#8221;{}&#8221; custom_padding__hover=&#8221;|||&#8221;][et_pb_image src=&#8221;https:\/\/blessix.ee\/wp-content\/uploads\/2024\/02\/silmaumbrusgeel.png&#8221; title_text=&#8221;silma\u00fcmbrusgeel&#8221; _builder_version=&#8221;4.24.0&#8243; _module_preset=&#8221;default&#8221; box_shadow_style=&#8221;preset1&#8243; box_shadow_spread=&#8221;-3px&#8221; global_colors_info=&#8221;{}&#8221;][\/et_pb_image][\/et_pb_column][et_pb_column type=&#8221;1_2&#8243; _builder_version=&#8221;4.16&#8243; custom_padding=&#8221;|||&#8221; global_colors_info=&#8221;{}&#8221; custom_padding__hover=&#8221;|||&#8221;][et_pb_wc_title _builder_version=&#8221;4.16&#8243; global_colors_info=&#8221;{}&#8221;][\/et_pb_wc_title][et_pb_wc_rating disabled_on=&#8221;on|on|on&#8221; _builder_version=&#8221;4.24.0&#8243; disabled=&#8221;on&#8221; global_colors_info=&#8221;{}&#8221;][\/et_pb_wc_rating][et_pb_wc_price _builder_version=&#8221;4.16&#8243; global_colors_info=&#8221;{}&#8221;][\/et_pb_wc_price][et_pb_text _builder_version=&#8221;4.24.0&#8243; _module_preset=&#8221;default&#8221; global_colors_info=&#8221;{}&#8221;]<\/p>\n<div class=\"flex-1 overflow-hidden\">\n<div class=\"react-scroll-to-bottom--css-voizh-79elbk h-full\">\n<div class=\"react-scroll-to-bottom--css-voizh-1n7m0yu\">\n<div class=\"flex flex-col pb-9 text-sm\">\n<div class=\"w-full text-token-text-primary\" data-testid=\"conversation-turn-5\">\n<div class=\"px-4 py-2 justify-center text-base md:gap-6 m-auto\">\n<div class=\"flex flex-1 text-base mx-auto gap-3 md:px-5 lg:px-1 xl:px-5 md:max-w-3xl lg:max-w-[40rem] xl:max-w-[48rem] group final-completion\">\n<div class=\"relative flex w-full flex-col lg:w-[calc(100%-115px)] agent-turn\">\n<div class=\"flex-col gap-1 md:gap-3\">\n<div class=\"flex flex-grow flex-col max-w-full\">\n<div data-message-author-role=\"assistant\" data-message-id=\"cc5702f9-003e-4500-9433-2ea916b39fcb\" class=\"min-h-[20px] text-message flex flex-col items-start gap-3 whitespace-pre-wrap break-words [.text-message+&amp;]:mt-5 overflow-x-auto\">\n<div class=\"markdown prose w-full break-words dark:prose-invert light\">\n<p>Professionaalide poolt testitud silma\u00fcmbruse geel-seerum, mis on v\u00f5itnud auhindu ja saanud klientidelt kiitust alates turule j\u00f5udmisest. Koostises v\u00e4rskendav kurk ja merekollageen muudavad algsest geel-seerumist veelgi t\u00f5husama. Bioloogiline kuld, merekollageen, aloe vera, astelpaju ja metsik roos toimivad loodusliku botoksina, tagades erakordse efektiivsuse \u00f5igel ja j\u00e4rjepideval kasutamisel. Silma\u00fcmbruse piirkonda trimmib, v\u00e4hendab paistetust, silub kortsukesi ja annab nahale noorema ning v\u00e4rskema v\u00e4ljan\u00e4gemise. Sobib ka huule\u00fcmbrusele. L\u00f5hnaainete, parabeenide, kunstlike ainete ja silikoonide vaba, kerge struktuuriga 99,9% naturaalne silma\u00fcmbruse hooldus. Imendub kiiresti, sobib k\u00f5ikidele nahat\u00fc\u00fcpidele, ning ennetab ja v\u00e4hendab vananemise ilminguid.<\/p>\n<\/div>\n<\/div>\n<\/div>\n<\/div>\n<\/div>\n<\/div>\n<\/div>\n<\/div>\n<\/div>\n<\/div>\n<\/div>\n<\/div>\n<p>[\/et_pb_text][et_pb_wc_add_to_cart show_stock=&#8221;off&#8221; _builder_version=&#8221;4.24.0&#8243; global_colors_info=&#8221;{}&#8221;][\/et_pb_wc_add_to_cart][et_pb_wc_meta disabled_on=&#8221;on|on|on&#8221; _builder_version=&#8221;4.24.0&#8243; disabled=&#8221;on&#8221; global_colors_info=&#8221;{}&#8221;][\/et_pb_wc_meta][\/et_pb_column][\/et_pb_row][et_pb_row _builder_version=&#8221;4.16&#8243; background_size=&#8221;initial&#8221; background_position=&#8221;top_left&#8221; background_repeat=&#8221;repeat&#8221; width=&#8221;100%&#8221; global_colors_info=&#8221;{}&#8221;][et_pb_column type=&#8221;4_4&#8243; _builder_version=&#8221;4.16&#8243; custom_padding=&#8221;|||&#8221; global_colors_info=&#8221;{}&#8221; custom_padding__hover=&#8221;|||&#8221;][et_pb_tabs _builder_version=&#8221;4.24.0&#8243; _module_preset=&#8221;default&#8221; global_colors_info=&#8221;{}&#8221;][et_pb_tab title=&#8221;Kirjeldus&#8221; _builder_version=&#8221;4.24.0&#8243; _module_preset=&#8221;default&#8221; global_colors_info=&#8221;{}&#8221;]<\/p>\n<p>Professionaalide poolt testitud silma\u00fcmbruse geel-seerum, mis on juba v\u00f5itnud mitmeid auhindu ja olnud klientide lemmik toote s\u00fcnnist alates. Toote koostist on t\u00e4iustatud v\u00e4rske kurgi ekstrakstiga ja merekollageeniga ning valmistanud algsest koostisest geel-seerum.Sisaldab lisaks bioloogilisele kullale trimmiva toimega mere kollageeni, kurki, aloe verat, astelpaju ja metsikut roosi, mis m\u00f5juvad koostoimes loodusliku botoksina. On erakordselt efektiivne \u00f5igel ja j\u00e4rjepideval kasutamisel, siiski ei maksa tulemusi oodata koheselt vaid anda aega 3-6 kuud.\u00a0 V\u00f5ib kasutada ka huule\u00fcmbruses. V\u00e4rske kurgi mahl v\u00e4hendab silmade paistetust ja turseid ning merekollageen silub ja v\u00e4hendab silma\u00fcmbruse piirkonna kortsukesi. \u00a0\u00d5rna nahka rahustab aloe vera, valgustpeegeldav sametine kullas\u00e4ra teeb naha visuaalselt nooremaks ja v\u00e4rskemaks. Annab \u00f5rnale silma\u00fcmbrusele p\u00e4rlendava kuma, trimmib, v\u00e4hendab punetust ja paistetust, parandab kapillaaride elastsust ja tugevust, \u00fchtlustab ja v\u00e4rskendab nahka. Bioloogilise kullaga vesi annab optimaalse niisutuse naha epidermise s\u00fcgavamates kihtides. V\u00e4hendab v\u00e4simuse m\u00e4rke. Sobib suurep\u00e4raselt kasutamiseks koos siidi- ja kullakreemiga. Imendub kiiresti. V\u00e4hendab ja ennetab vananemise ilminguid. L\u00f5hnaainete vaba, parabeenide, kunstlike ainete ja silikoonide vaba, kerge struktuuriga 99.9 % naturaalne silma\u00fcmbruse hooldus. Sobib k\u00f5ikidele nahat\u00fc\u00fcpidele.<\/p>\n<p>&nbsp;<\/p>\n<p>[\/et_pb_tab][et_pb_tab title=&#8221;Kasutamine&#8221; _builder_version=&#8221;4.24.0&#8243; _module_preset=&#8221;default&#8221; global_colors_info=&#8221;{}&#8221;]<\/p>\n<p>Kanda puhtale nahale silma ja huule\u00fcmbrusele, V\u00e4ltida silma sattumist, Kandke aplikaatori v\u00f5i nimetiss\u00f5rmega peale igal hommikul ja \u00f5htul. Liikuge kergete t\u00f5mmetega alati suunaga \u00fcles ning tehke ka v\u00e4ikesi ringikujulisi liigutusi ning tupsutage \u00f5rnalt s\u00f5rmedega. \u00dclej\u00e4\u00e4nud kreem tupsutage nimeta s\u00f5rmega \u00f5rnalt n\u00e4onahka. Blessix silma\u00fcmbruse hooldusvahendit v\u00f5ite kasutada ka suu \u00fcmbruses v\u00f5i laubal olevate kortsukeste ja nn kurjusekortsukesele silmade ja lauba nn ristumiskohas. Masseeri silma\u00fcmbrust alates meelekohtadest kergete r\u00f5ngjate liigutustega v\u00f5i kergelt s\u00f5rmedega tupsutades. S\u00e4ilib 2 aastat pakendil m\u00e4rgitud kuup\u00e4evast. Hoida jahedas ja suletune, eemal p\u00e4ikesest ja liigniisketest ruumides.<\/p>\n<p>&nbsp;<\/p>\n<p>[\/et_pb_tab][et_pb_tab title=&#8221;Koostis&#8221; _builder_version=&#8221;4.24.0&#8243; _module_preset=&#8221;default&#8221; global_colors_info=&#8221;{}&#8221;]<\/p>\n<p>Vesi, Aqua (bio kullaga) Aloe Vera, Aloe Barbadensis (Organic leaf) Extract, merekollageen, kurgi seemne \u00f5li Cucumis Sativas (Cucumber) Seed Oil, astelpaju seemne \u00f5li, metsik roos (Rosa canina, Rose hip Fruit oil), gl\u00fctseriin,Polysorbate-20, Sodium Hyaluronate, Phenoxyethanol &amp; Ethylhexyglycerin, Carbomer, Rosa canina (Rose hip) Fruit Oil, Sodium Hydroxide, Benzyl Alcohol<\/p>\n<p>[\/et_pb_tab][\/et_pb_tabs][\/et_pb_column][\/et_pb_row][\/et_pb_section]<\/p>\n","protected":false},"excerpt":{"rendered":"<p>Sisaldab lisaks bio kullale trimmiva toimega mere kollageeni, kurki, aloe verat, astelpaju ja metsikut roosi, mis m\u00f5juvad koostoimes loodusliku botoksina.<\/p>","protected":false},"featured_media":591,"comment_status":"open","ping_status":"closed","template":"","meta":{"_et_pb_use_builder":"on","_et_pb_old_content":"Professionaalide poolt testitud silma\u00fcmbruse geel-seerum, mis on juba v\u00f5itnud mitmeid auhindu ja olnud klientide lemmik toote s\u00fcnnist alates. Toote koostist on t\u00e4iustatud v\u00e4rske kurgi ekstrakstiga ja merekollageeniga ning valmistanud algsest koostisest geel-seerum.Sisaldab lisaks bioloogilisele kullale trimmiva toimega mere kollageeni, kurki, aloe verat, astelpaju ja metsikut roosi, mis m\u00f5juvad koostoimes loodusliku botoksina. On erakordselt efektiivne \u00f5igel ja j\u00e4rjepideval kasutamisel, siiski ei maksa tulemusi oodata koheselt vaid anda aega 3-6 kuud.\u00a0 V\u00f5ib kasutada ka huule\u00fcmbruses. V\u00e4rske kurgi mahl v\u00e4hendab silmade paistetust ja turseid ning merekollageen silub ja v\u00e4hendab silma\u00fcmbruse piirkonna kortsukesi. \u00a0\u00d5rna nahka rahustab aloe vera, valgustpeegeldav sametine kullas\u00e4ra teeb naha visuaalselt nooremaks ja v\u00e4rskemaks. Annab \u00f5rnale silma\u00fcmbrusele p\u00e4rlendava kuma, trimmib, v\u00e4hendab punetust ja paistetust, parandab kapillaaride elastsust ja tugevust, \u00fchtlustab ja v\u00e4rskendab nahka. Bioloogilise kullaga vesi annab optimaalse niisutuse naha epidermise s\u00fcgavamates kihtides. V\u00e4hendab v\u00e4simuse m\u00e4rke. Sobib suurep\u00e4raselt kasutamiseks koos siidi- ja kullakreemiga. Imendub kiiresti. V\u00e4hendab ja ennetab vananemise ilminguid. L\u00f5hnaainete vaba, parabeenide, kunstlike ainete ja silikoonide vaba, kerge struktuuriga 99.9 % naturaalne silma\u00fcmbruse hooldus. Sobib k\u00f5ikidele nahat\u00fc\u00fcpidele.\r\n\r\n&nbsp;","_et_gb_content_width":"","om_disable_all_campaigns":false,"_monsterinsights_skip_tracking":false,"_monsterinsights_sitenote_active":false,"_monsterinsights_sitenote_note":"","_monsterinsights_sitenote_category":0,"_themeisle_gutenberg_block_has_review":false},"product_brand":[],"product_cat":[26],"product_tag":[],"class_list":{"0":"post-590","1":"product","2":"type-product","3":"status-publish","4":"has-post-thumbnail","6":"product_cat-naohooldus","8":"first","9":"outofstock","10":"sale","11":"shipping-taxable","12":"purchasable","13":"product-type-simple"},"aioseo_notices":[],"jetpack_sharing_enabled":true,"_links":{"self":[{"href":"https:\/\/blessix.ee\/fi\/wp-json\/wp\/v2\/product\/590","targetHints":{"allow":["GET"]}}],"collection":[{"href":"https:\/\/blessix.ee\/fi\/wp-json\/wp\/v2\/product"}],"about":[{"href":"https:\/\/blessix.ee\/fi\/wp-json\/wp\/v2\/types\/product"}],"replies":[{"embeddable":true,"href":"https:\/\/blessix.ee\/fi\/wp-json\/wp\/v2\/comments?post=590"}],"wp:featuredmedia":[{"embeddable":true,"href":"https:\/\/blessix.ee\/fi\/wp-json\/wp\/v2\/media\/591"}],"wp:attachment":[{"href":"https:\/\/blessix.ee\/fi\/wp-json\/wp\/v2\/media?parent=590"}],"wp:term":[{"taxonomy":"product_brand","embeddable":true,"href":"https:\/\/blessix.ee\/fi\/wp-json\/wp\/v2\/product_brand?post=590"},{"taxonomy":"product_cat","embeddable":true,"href":"https:\/\/blessix.ee\/fi\/wp-json\/wp\/v2\/product_cat?post=590"},{"taxonomy":"product_tag","embeddable":true,"href":"https:\/\/blessix.ee\/fi\/wp-json\/wp\/v2\/product_tag?post=590"}],"curies":[{"name":"wp","href":"https:\/\/api.w.org\/{rel}","templated":true}]}}