{"id":684,"date":"2024-02-19T16:21:26","date_gmt":"2024-02-19T16:21:26","guid":{"rendered":"https:\/\/blessix.ee\/?post_type=product&#038;p=684"},"modified":"2025-06-18T10:14:47","modified_gmt":"2025-06-18T10:14:47","slug":"kullakreem-glamour-50ml","status":"publish","type":"product","link":"https:\/\/blessix.ee\/fi\/product\/kullakreem-glamour-50ml\/","title":{"rendered":"OTSAS! Kullakreem Glamour 50ml"},"content":{"rendered":"<p>[et_pb_section fb_built=&#8221;1&#8243; _builder_version=&#8221;4.16&#8243; custom_padding=&#8221;0px||||false|false&#8221; global_colors_info=&#8221;{}&#8221;][et_pb_row _builder_version=&#8221;4.16&#8243; background_size=&#8221;initial&#8221; background_position=&#8221;top_left&#8221; background_repeat=&#8221;repeat&#8221; width=&#8221;100%&#8221; custom_padding=&#8221;0px||0px||false|false&#8221; global_colors_info=&#8221;{}&#8221;][et_pb_column type=&#8221;4_4&#8243; _builder_version=&#8221;4.16&#8243; custom_padding=&#8221;|||&#8221; global_colors_info=&#8221;{}&#8221; custom_padding__hover=&#8221;|||&#8221;][et_pb_wc_cart_notice _builder_version=&#8221;4.24.0&#8243; custom_button=&#8221;on&#8221; button_text_color=&#8221;#ff47fc&#8221; button_border_width=&#8221;1px&#8221; button_border_color=&#8221;#FFFFFF&#8221; global_colors_info=&#8221;{}&#8221; button_border_width__hover_enabled=&#8221;on|hover&#8221; button_text_color__hover_enabled=&#8221;on|hover&#8221; button_text_color__hover=&#8221;#FFFFFF&#8221; button_border_width__hover=&#8221;1px&#8221;][\/et_pb_wc_cart_notice][\/et_pb_column][\/et_pb_row][et_pb_row column_structure=&#8221;1_2,1_2&#8243; _builder_version=&#8221;4.16&#8243; background_size=&#8221;initial&#8221; background_position=&#8221;top_left&#8221; background_repeat=&#8221;repeat&#8221; width=&#8221;100%&#8221; custom_padding=&#8221;0px||||false|false&#8221; global_colors_info=&#8221;{}&#8221;][et_pb_column type=&#8221;1_2&#8243; _builder_version=&#8221;4.16&#8243; custom_padding=&#8221;|||&#8221; global_colors_info=&#8221;{}&#8221; custom_padding__hover=&#8221;|||&#8221;][et_pb_image src=&#8221;https:\/\/blessix.ee\/wp-content\/uploads\/2024\/02\/Blessix-Glamour-1.png&#8221; title_text=&#8221;Blessix Glamour&#8221; _builder_version=&#8221;4.24.0&#8243; _module_preset=&#8221;default&#8221; box_shadow_style=&#8221;preset1&#8243; global_colors_info=&#8221;{}&#8221;][\/et_pb_image][\/et_pb_column][et_pb_column type=&#8221;1_2&#8243; _builder_version=&#8221;4.16&#8243; custom_padding=&#8221;|||&#8221; global_colors_info=&#8221;{}&#8221; custom_padding__hover=&#8221;|||&#8221;][et_pb_wc_title _builder_version=&#8221;4.16&#8243; global_colors_info=&#8221;{}&#8221;][\/et_pb_wc_title][et_pb_wc_price _builder_version=&#8221;4.16&#8243; global_colors_info=&#8221;{}&#8221;][\/et_pb_wc_price][et_pb_text _builder_version=&#8221;4.25.1&#8243; _module_preset=&#8221;default&#8221; global_colors_info=&#8221;{}&#8221;]<\/p>\n<p align=\"LEFT\"><span style=\"font-family: Arial, sans-serif;\"><span style=\"color: #666666;\"><span style=\"font-size: small;\">Kuld on tuntud kui luksuslik ja v\u00e4\u00e4rtuslik abivahend nii tervise kui iluhoolduses.Glamour on inspireeritud jaapanlannadest. Jaapani rohelise tee \u00fcrdid on v\u00f5imsad antioks\u00fcdandid. Jaapani riisi puuder ja avokaado \u00f5li pehmendavad ja toidavad, samas kui kollageen annab nahale siledama tekstuuri. Granaat\u00f5una ekstrakt koos kullaga stimuleerib kollageeni tootmist ja suurendab naha tihedust ja mikrovereringet: Siidis sisaldub 18 aminohapet v\u00e4hendavad kortsukesi ning kaitsevad valgusega seotud naha vananemise eest. Naturaalne Roos Geraanium teeb naha elastsemaks. Kasutades kreemi tunned minuti jooksul p\u00e4rast pealekandmist kuidas aktiveerub naha mikrovereringe, nahk on\u00a0 pehmem, sametiselt siidisem ja s\u00e4ravam. Kasutades tugevat termilist vesi-\u00f5lis koostist kolloidkullaga, pakub n\u00e4ohooldus h\u00e4davajalikku niisutust, s\u00e4ilitades samal ajal nooruslikku v\u00e4limust. Peptiidid on v\u00f5imelised silman\u00e4htavalt v\u00e4hendama peeneid joonekesi ja kortse, muutes naha siledamaks ja s\u00e4ravaks. Kreemis kasutatud kuld on l\u00e4binud \u0160veitsi Nahatestimise Instituudi teadusliku uuringu, mis kinnitab eel\u00f6eldut. Suurep\u00e4rane tulemus koos kullaga.<\/span><\/span><\/span><\/p>\n<p>[\/et_pb_text][et_pb_wc_description _builder_version=&#8221;4.24.2&#8243; global_colors_info=&#8221;{}&#8221;][\/et_pb_wc_description][et_pb_wc_add_to_cart _builder_version=&#8221;4.24.0&#8243; custom_button=&#8221;on&#8221; global_colors_info=&#8221;{}&#8221; button_bg_color__hover_enabled=&#8221;on|hover&#8221; button_bg_color__hover=&#8221;rgba(170,170,170,0.2)&#8221; button_bg_enable_color__hover=&#8221;on&#8221;][\/et_pb_wc_add_to_cart][\/et_pb_column][\/et_pb_row][et_pb_row _builder_version=&#8221;4.16&#8243; background_size=&#8221;initial&#8221; background_position=&#8221;top_left&#8221; background_repeat=&#8221;repeat&#8221; width=&#8221;100%&#8221; global_colors_info=&#8221;{}&#8221;][et_pb_column type=&#8221;4_4&#8243; _builder_version=&#8221;4.16&#8243; custom_padding=&#8221;|||&#8221; global_colors_info=&#8221;{}&#8221; custom_padding__hover=&#8221;|||&#8221;][et_pb_tabs _builder_version=&#8221;4.24.2&#8243; _module_preset=&#8221;default&#8221; global_colors_info=&#8221;{}&#8221;][et_pb_tab title=&#8221;Kirjeldus&#8221; _builder_version=&#8221;4.24.0&#8243; _module_preset=&#8221;default&#8221; global_colors_info=&#8221;{}&#8221;]<\/p>\n<p>Kuld olnud tuntud kui luksuslik ja v\u00e4\u00e4rtuslik abivahend nii tervise kui iluhoolduses. Sellised koostisosad nagu jaapani riisi, jaapani roheleine tee ja siid on nahahoolduses v\u00f5imsad ained. Granaat\u00f5una ekstrakt stimuleerib kollageeni tootmist ja suurendab naha tihedust, siidis sisaldub 18 aminohapet v\u00e4hendavad kortsukesi ning kaitsevad valgusega seotud naha vananemise eest, naturaalne roos geraanium teeb naha elastsemaks. Roheline tee on v\u00f5imas antiols\u00fcdant. Kasutades Blessix Glamour kreemi tunned minuti jooksul p\u00e4rast pealekandmist mikrovereringe aktiveerimist, nahk on pehmem, sametiselt siidisem ja s\u00e4ravam. Selle toote m\u00f5jud kestavad kogu p\u00e4eva, kuid igap\u00e4evane kasutamine parandab, noorendab ja kaitseb nahka aja jooksul oluliselt. Kasutades tugevat termilist vesi-\u00f5lis koostist kolloidkullaga, pakub n\u00e4ohooldus h\u00e4davajalikku niisutust, s\u00e4ilitades samal ajal nooruslikku v\u00e4limust. Peptiidid on v\u00f5imelised silman\u00e4htavalt v\u00e4hendama peeneid joonekesi ja kortse, muutes naha siledamaks ja s\u00e4ravaks. <br \/>Kreemis kasutatud kuld on l\u00e4binud \u0160veitsi Nahatestimise Instituudi teadusliku uuringu, mis tuvastas, et kulla kasutusega ainu\u00fcksi peale 8 n\u00e4dalast naha elastsus paranes 13%, nahk tundus s\u00e4ravam 80% ja puhtam 29% ning siledam 14%. 2 kuu p\u00e4rast olid v\u00e4iksed kortsukesed v\u00e4hem n\u00e4htavad. Kullakreem s\u00e4ilib t\u00e4nu kulla ja h\u00f5beda kolloididele, pohla ja mustika hapetele 2 aastat.\u00a0<\/p>\n<p>[\/et_pb_tab][et_pb_tab title=&#8221;Koostis&#8221; _builder_version=&#8221;4.24.0&#8243; _module_preset=&#8221;default&#8221; global_colors_info=&#8221;{}&#8221;]<\/p>\n<p>Aqua (colloidal gold and silver) Pure Sunflower Oil (Helianthus) <br \/>Pure Grapeseed Oil Vitis vinifera Pure Rice Bran Oil Oryza sativa Avocado Oil Persea americana<br \/>Pomegranate seed oil Punica granatum Green tea powder<br \/>Butyrospermum Parkii Butter Eco Soy wax SB Advanced Shea butter<br \/>Silk Powder Dimethylimidazolidinone Rice Starch Vegetable Glycerin Cetearyl Alcohol\/coconut Vitamin E Benzoic Acid Vegetable Glycerin Silk Powder Potassium Sorbate Sodium hydroxide <br \/>Premium soya lecithin Marine collagen<br \/>Rose Geranium<br \/>Limonene*, Citral*, Linalool* <br \/>Natural Gold flakes Au, Silver Ag<\/p>\n<p>[\/et_pb_tab][et_pb_tab title=&#8221;Kasutamine&#8221; _builder_version=&#8221;4.24.0&#8243; _module_preset=&#8221;default&#8221; global_colors_info=&#8221;{}&#8221;]<\/p>\n<p>Peale n\u00e4onaha puhastamist kanna Blessix Glamour \u00fchtlaselt n\u00e4ole, kaelale ja dekolteele. Masseeri kuni kreemi imendumiseni.<br \/>Sobib igap\u00e4evaseks kasutamiseks 30+ vanustele. V\u00e4ldi silma sattumast, kui see siiski juhtub. loputa rohke veega. S\u00e4ilita kullakreemi otsese p\u00e4ikese eest kaitstult ja v\u00e4ldi liigniiskeid ruume. Peale kasutust keera alati kreemi kork korralikult kinni. Suurep\u00e4rana koos valge kullaga ja silma\u00fcmbruse geeliga.\u00a0<\/p>\n<p>[\/et_pb_tab][\/et_pb_tabs][\/et_pb_column][\/et_pb_row][\/et_pb_section]<\/p>\n","protected":false},"excerpt":{"rendered":"<p>Kuld on tuntud kui luksuslik ja v\u00e4\u00e4rtuslik abivahend nii tervise kui iluhoolduses.Glamour on inspireeritud jaapanlannadest. Jaapani rohelise tee \u00fcrdid on v\u00f5imsad antioks\u00fcdandid. Jaapani riisi puuder ja avokaado \u00f5li pehmendavad ja toidavad, samas kui kollageen annab nahale siledama tekstuuri. Granaat\u00f5una ekstrakt koos kullaga stimuleerib kollageeni tootmist ja suurendab naha tihedust ja mikrovereringet: Siidis sisaldub 18 aminohapet [&hellip;]<\/p>\n","protected":false},"featured_media":166,"comment_status":"open","ping_status":"closed","template":"","meta":{"_et_pb_use_builder":"on","_et_pb_old_content":"<p align=\"LEFT\"><span style=\"color: #666666\"><span style=\"font-family: Open Sans, Arial, sans-serif\"><span style=\"font-size: small\"><b>Kuld on tuntud kui luksuslik ja v\u00e4\u00e4rtuslik abivahend nii tervise kui iluhoolduses. Koostisosad nagu riisi ja avokaado \u00f5li pehmendavad, samas kui kollageen annab nahale siledama tekstuuri ja sheav\u00f5i toidab nahka. Granaat\u00f5una ekstrakt stimuleerib kollageeni tootmist ja suurendab naha tihedust, Siidis sisaldub 18 aminohapet v\u00e4hendavad kortsukesi ning kaitsevad valgusega seotud naha vananemise eest, naturaalne Jasmiin teeb naha elastsemaks. Kasutades Blessix Glamour kreemi tunned minuti jooksul p\u00e4rast pealekandmist kuidas nahk on pehmem, sametiselt siidisem ja s\u00e4ravam. Kasutades tugevat termilist vesi-\u00f5lis koostist, mis on rikastatud kullaga, pakub n\u00e4ohooldus h\u00e4davajalikku niisutust, s\u00e4ilitades samal ajal nooruslikku v\u00e4limust. Peptiidid on v\u00f5imelised silman\u00e4htavalt v\u00e4hendama peeneid kortse, muutes naha siledamaks ja s\u00e4ravaks. Kreemis kasutatud kuld on l\u00e4binud \u0160veitsi Nahatestimise Instituudi teadusliku uuringu, mis kinnitab t\u00f5husat toimet.<\/b><\/span><\/span><\/span><\/p>","_et_gb_content_width":"","om_disable_all_campaigns":false,"_monsterinsights_skip_tracking":false,"_monsterinsights_sitenote_active":false,"_monsterinsights_sitenote_note":"","_monsterinsights_sitenote_category":0,"_themeisle_gutenberg_block_has_review":false},"product_brand":[],"product_cat":[26],"product_tag":[],"class_list":{"0":"post-684","1":"product","2":"type-product","3":"status-publish","4":"has-post-thumbnail","6":"product_cat-naohooldus","8":"first","9":"outofstock","10":"shipping-taxable","11":"purchasable","12":"product-type-simple"},"aioseo_notices":[],"jetpack_sharing_enabled":true,"_links":{"self":[{"href":"https:\/\/blessix.ee\/fi\/wp-json\/wp\/v2\/product\/684","targetHints":{"allow":["GET"]}}],"collection":[{"href":"https:\/\/blessix.ee\/fi\/wp-json\/wp\/v2\/product"}],"about":[{"href":"https:\/\/blessix.ee\/fi\/wp-json\/wp\/v2\/types\/product"}],"replies":[{"embeddable":true,"href":"https:\/\/blessix.ee\/fi\/wp-json\/wp\/v2\/comments?post=684"}],"wp:featuredmedia":[{"embeddable":true,"href":"https:\/\/blessix.ee\/fi\/wp-json\/wp\/v2\/media\/166"}],"wp:attachment":[{"href":"https:\/\/blessix.ee\/fi\/wp-json\/wp\/v2\/media?parent=684"}],"wp:term":[{"taxonomy":"product_brand","embeddable":true,"href":"https:\/\/blessix.ee\/fi\/wp-json\/wp\/v2\/product_brand?post=684"},{"taxonomy":"product_cat","embeddable":true,"href":"https:\/\/blessix.ee\/fi\/wp-json\/wp\/v2\/product_cat?post=684"},{"taxonomy":"product_tag","embeddable":true,"href":"https:\/\/blessix.ee\/fi\/wp-json\/wp\/v2\/product_tag?post=684"}],"curies":[{"name":"wp","href":"https:\/\/api.w.org\/{rel}","templated":true}]}}