{"id":74,"date":"2022-10-05T09:26:51","date_gmt":"2022-10-05T09:26:51","guid":{"rendered":"https:\/\/blessix.ee\/?post_type=product&#038;p=74"},"modified":"2023-11-27T09:54:32","modified_gmt":"2023-11-27T09:54:32","slug":"blessix-pusapalsam-victoria-naistele-200-ml","status":"publish","type":"product","link":"https:\/\/blessix.ee\/fi\/product\/blessix-pusapalsam-victoria-naistele-200-ml\/","title":{"rendered":"Blessix pusapalsam Victoria naistele 200 ml"},"content":{"rendered":"<p>[et_pb_section fb_built=&#8221;1&#8243; _builder_version=&#8221;4.16&#8243; custom_padding=&#8221;0px||||false|false&#8221; global_colors_info=&#8221;{}&#8221;][et_pb_row _builder_version=&#8221;4.16&#8243; background_size=&#8221;initial&#8221; background_position=&#8221;top_left&#8221; background_repeat=&#8221;repeat&#8221; width=&#8221;100%&#8221; custom_padding=&#8221;0px||0px||false|false&#8221; global_colors_info=&#8221;{}&#8221;][et_pb_column type=&#8221;4_4&#8243; _builder_version=&#8221;4.16&#8243; custom_padding=&#8221;|||&#8221; global_colors_info=&#8221;{}&#8221; custom_padding__hover=&#8221;|||&#8221;][et_pb_wc_cart_notice _builder_version=&#8221;4.18.0&#8243; background_color=&#8221;#000000&#8243; custom_button=&#8221;on&#8221; button_text_color=&#8221;#ff47fc&#8221; button_bg_color=&#8221;#000000&#8243; button_border_width=&#8221;1px&#8221; button_border_color=&#8221;#ff47fc&#8221; button_use_icon=&#8221;off&#8221; global_colors_info=&#8221;{}&#8221; button_bg_color__hover_enabled=&#8221;on|hover&#8221; button_bg_color__hover=&#8221;rgba(255,255,255,0.1)&#8221; button_bg_enable_color__hover=&#8221;on&#8221; button_text_color__hover_enabled=&#8221;on|hover&#8221; button_text_color__hover=&#8221;#FFFFFF&#8221; button_border_color__hover_enabled=&#8221;on|hover&#8221; button_border_color__hover=&#8221;#FFFFFF&#8221;][\/et_pb_wc_cart_notice][\/et_pb_column][\/et_pb_row][et_pb_row column_structure=&#8221;1_2,1_2&#8243; _builder_version=&#8221;4.16&#8243; background_size=&#8221;initial&#8221; background_position=&#8221;top_left&#8221; background_repeat=&#8221;repeat&#8221; width=&#8221;100%&#8221; custom_padding=&#8221;0px||||false|false&#8221; global_colors_info=&#8221;{}&#8221;][et_pb_column type=&#8221;1_2&#8243; _builder_version=&#8221;4.16&#8243; custom_padding=&#8221;|||&#8221; global_colors_info=&#8221;{}&#8221; custom_padding__hover=&#8221;|||&#8221;][et_pb_image src=&#8221;https:\/\/blessix.ee\/wp-content\/uploads\/2022\/10\/Blessix-Victoria.png&#8221; title_text=&#8221;Blessix Victoria&#8221; _builder_version=&#8221;4.18.0&#8243; _module_preset=&#8221;default&#8221; box_shadow_style=&#8221;preset1&#8243; box_shadow_spread=&#8221;-5px&#8221; global_colors_info=&#8221;{}&#8221;][\/et_pb_image][\/et_pb_column][et_pb_column type=&#8221;1_2&#8243; _builder_version=&#8221;4.16&#8243; custom_padding=&#8221;|||&#8221; global_colors_info=&#8221;{}&#8221; custom_padding__hover=&#8221;|||&#8221;][et_pb_wc_title _builder_version=&#8221;4.16&#8243; global_colors_info=&#8221;{}&#8221;][\/et_pb_wc_title][et_pb_text _builder_version=&#8221;4.18.0&#8243; _module_preset=&#8221;default&#8221; global_colors_info=&#8221;{}&#8221;]<\/p>\n<p>Juusesse j\u00e4etav palsam VICTORIA on m\u00f5eldud neile, kelle juuksed kipuvad pusasse minema ja neid on raske kammida, eriti p\u00e4rast \u0161ampoonitamist.Toote \u00fcheks koostisosaks on D-pantenool, mis nagu keratiin imendub h\u00e4sti, t\u00e4nu millele annab see s\u00e4ra, sileduse ja niisutab juukseid ja takistab juusteotste l\u00f5henemist. Teeb juuksed pehmeks ja neid on kergem kammida. J\u00e4ta sprei niisutus juustesse.<\/p>\n<p>[\/et_pb_text][et_pb_wc_price _builder_version=&#8221;4.18.0&#8243; before_sale_price_text_color=&#8221;#000000&#8243; sale_price_text_color=&#8221;#ff2323&#8243; global_colors_info=&#8221;{}&#8221;][\/et_pb_wc_price][et_pb_wc_description _builder_version=&#8221;4.16&#8243; global_colors_info=&#8221;{}&#8221;][\/et_pb_wc_description][et_pb_wc_add_to_cart _builder_version=&#8221;4.18.0&#8243; custom_button=&#8221;on&#8221; button_text_color=&#8221;#000000&#8243; button_border_color=&#8221;#000000&#8243; global_colors_info=&#8221;{}&#8221; button_bg_color__hover_enabled=&#8221;on|hover&#8221; button_bg_color__hover=&#8221;rgba(170,170,170,0.2)&#8221; button_bg_enable_color__hover=&#8221;on&#8221;][\/et_pb_wc_add_to_cart][\/et_pb_column][\/et_pb_row][et_pb_row _builder_version=&#8221;4.18.0&#8243; _module_preset=&#8221;default&#8221; width=&#8221;100%&#8221; global_colors_info=&#8221;{}&#8221;][et_pb_column type=&#8221;4_4&#8243; _builder_version=&#8221;4.18.0&#8243; _module_preset=&#8221;default&#8221; global_colors_info=&#8221;{}&#8221;][et_pb_tabs _builder_version=&#8221;4.18.0&#8243; _module_preset=&#8221;default&#8221; global_colors_info=&#8221;{}&#8221;][et_pb_tab title=&#8221;Kirjeldus&#8221; _builder_version=&#8221;4.18.0&#8243; _module_preset=&#8221;default&#8221; global_colors_info=&#8221;{}&#8221;]<\/p>\n<p>Juusesse j\u00e4etav palsam VICTORIA on m\u00f5eldud neile, kelle juuksed kipuvad pusasse minema ja neid on raske kammida, eriti p\u00e4rast \u0161ampoonitamist.Toote \u00fcheks koostisosaks on D-pantenool, mis nagu keratiin imendub h\u00e4sti, t\u00e4nu millele annab see s\u00e4ra, sileduse ja niisutab juukseid ja takistab juusteotste l\u00f5henemist. Teeb juuksed pehmeks ja neid on kergem kammida. J\u00e4ta sprei niisutus juustesse.<\/p>\n<p>[\/et_pb_tab][et_pb_tab title=&#8221;Omadused&#8221; _builder_version=&#8221;4.18.0&#8243; _module_preset=&#8221;default&#8221; global_colors_info=&#8221;{}&#8221;]<\/p>\n<p>Sisaldab ka vitamiine sisaldavat vitamiinikompleksi, nagu A-, E-, H- ja B-vitamiinid (B7, B8) ning kaltsiumi\u00fchendeid, mis kaitsevad mehaaniliste kahjustuste eest, kindlustavad ilmastikutingimuste, k\u00f5rge temperatuuri ja kuumt\u00f6\u00f6tlemise negatiivse m\u00f5ju eest.<\/p>\n<p>[\/et_pb_tab][et_pb_tab title=&#8221;Kasutusjuhend&#8221; _builder_version=&#8221;4.18.0&#8243; _module_preset=&#8221;default&#8221; global_colors_info=&#8221;{}&#8221;]<\/p>\n<p>Enne kasutamist loksutada. Pihustage \u00fchtlaselt niiskete juuste peale. \u00c4ra loputa! Sprei kasutamine h\u00f5lbustab kammitavust ja aitab juukseid soengusse viimistleda. Juuksed j\u00e4\u00e4vad pehmeks, siledaks ja siidiseks.<\/p>\n<p>L\u00d5HNANOOT: Toode j\u00e4tab juustele meeldiva, peene ja kauakestva magusate tsitrusviljade l\u00f5hna, millel on lilleline aktsent. Toode ei<br \/>vaja v\u00e4lja loputamist. V\u00e4ltida silma sattumist. Eriti kuivade juuste korral v\u00f5ib kasutada igap\u00e4evaselt. Sobib igale juukset\u00fc\u00fcbile.<\/p>\n<p>[\/et_pb_tab][\/et_pb_tabs][\/et_pb_column][\/et_pb_row][\/et_pb_section]<\/p>\n","protected":false},"excerpt":{"rendered":"<p>Juusesse j\u00e4etav palsam VICTORIA on m\u00f5eldud neile, kelle juuksed kipuvad pusasse minema ja neid on raske kammida, eriti p\u00e4rast \u0161ampoonitamist.Toote \u00fcheks koostisosaks on D-pantenool, mis nagu keratiin imendub h\u00e4sti, t\u00e4nu millele annab see s\u00e4ra, sileduse ja niisutab juukseid ja takistab juusteotste l\u00f5henemist. Teeb juuksed pehmeks ja neid on kergem kammida. J\u00e4ta sprei niisutus juustesse.Juusesse j\u00e4etav [&hellip;]<\/p>\n","protected":false},"featured_media":38,"comment_status":"open","ping_status":"closed","template":"","meta":{"_et_pb_use_builder":"on","_et_pb_old_content":"","_et_gb_content_width":"","om_disable_all_campaigns":false,"_monsterinsights_skip_tracking":false,"_monsterinsights_sitenote_active":false,"_monsterinsights_sitenote_note":"","_monsterinsights_sitenote_category":0,"_themeisle_gutenberg_block_has_review":false},"product_brand":[],"product_cat":[21],"product_tag":[],"class_list":{"0":"post-74","1":"product","2":"type-product","3":"status-publish","4":"has-post-thumbnail","6":"product_cat-juuksehooldus","8":"first","9":"instock","10":"shipping-taxable","11":"purchasable","12":"product-type-simple"},"aioseo_notices":[],"jetpack_sharing_enabled":true,"_links":{"self":[{"href":"https:\/\/blessix.ee\/fi\/wp-json\/wp\/v2\/product\/74","targetHints":{"allow":["GET"]}}],"collection":[{"href":"https:\/\/blessix.ee\/fi\/wp-json\/wp\/v2\/product"}],"about":[{"href":"https:\/\/blessix.ee\/fi\/wp-json\/wp\/v2\/types\/product"}],"replies":[{"embeddable":true,"href":"https:\/\/blessix.ee\/fi\/wp-json\/wp\/v2\/comments?post=74"}],"wp:featuredmedia":[{"embeddable":true,"href":"https:\/\/blessix.ee\/fi\/wp-json\/wp\/v2\/media\/38"}],"wp:attachment":[{"href":"https:\/\/blessix.ee\/fi\/wp-json\/wp\/v2\/media?parent=74"}],"wp:term":[{"taxonomy":"product_brand","embeddable":true,"href":"https:\/\/blessix.ee\/fi\/wp-json\/wp\/v2\/product_brand?post=74"},{"taxonomy":"product_cat","embeddable":true,"href":"https:\/\/blessix.ee\/fi\/wp-json\/wp\/v2\/product_cat?post=74"},{"taxonomy":"product_tag","embeddable":true,"href":"https:\/\/blessix.ee\/fi\/wp-json\/wp\/v2\/product_tag?post=74"}],"curies":[{"name":"wp","href":"https:\/\/api.w.org\/{rel}","templated":true}]}}