{"id":76,"date":"2022-10-05T09:34:51","date_gmt":"2022-10-05T09:34:51","guid":{"rendered":"https:\/\/blessix.ee\/?post_type=product&#038;p=76"},"modified":"2025-12-11T11:57:21","modified_gmt":"2025-12-11T11:57:21","slug":"keratiin-juustele-blessix-200-ml","status":"publish","type":"product","link":"https:\/\/blessix.ee\/fi\/product\/keratiin-juustele-blessix-200-ml\/","title":{"rendered":"Keratiin juustele Blessix, 200 ml"},"content":{"rendered":"<p>[et_pb_section fb_built=&#8221;1&#8243; _builder_version=&#8221;4.16&#8243; custom_padding=&#8221;0px||||false|false&#8221; global_colors_info=&#8221;{}&#8221;][et_pb_row _builder_version=&#8221;4.16&#8243; background_size=&#8221;initial&#8221; background_position=&#8221;top_left&#8221; background_repeat=&#8221;repeat&#8221; width=&#8221;100%&#8221; custom_padding=&#8221;0px||0px||false|false&#8221; global_colors_info=&#8221;{}&#8221;][et_pb_column type=&#8221;4_4&#8243; _builder_version=&#8221;4.16&#8243; custom_padding=&#8221;|||&#8221; global_colors_info=&#8221;{}&#8221; custom_padding__hover=&#8221;|||&#8221;][et_pb_wc_cart_notice _builder_version=&#8221;4.18.0&#8243; background_color=&#8221;#000000&#8243; custom_button=&#8221;on&#8221; button_text_color=&#8221;#ff47fc&#8221; button_border_width=&#8221;1px&#8221; button_border_color=&#8221;#ff47fc&#8221; button_use_icon=&#8221;off&#8221; global_colors_info=&#8221;{}&#8221; button_bg_color__hover_enabled=&#8221;on|hover&#8221; button_bg_color__hover=&#8221;rgba(255,255,255,0.1)&#8221; button_bg_enable_color__hover=&#8221;on&#8221; button_text_color__hover_enabled=&#8221;on|hover&#8221; button_text_color__hover=&#8221;#FFFFFF&#8221; button_border_color__hover_enabled=&#8221;on|hover&#8221; button_border_color__hover=&#8221;#FFFFFF&#8221;][\/et_pb_wc_cart_notice][\/et_pb_column][\/et_pb_row][et_pb_row column_structure=&#8221;1_2,1_2&#8243; _builder_version=&#8221;4.16&#8243; background_size=&#8221;initial&#8221; background_position=&#8221;top_left&#8221; background_repeat=&#8221;repeat&#8221; width=&#8221;100%&#8221; custom_padding=&#8221;0px||||false|false&#8221; global_colors_info=&#8221;{}&#8221;][et_pb_column type=&#8221;1_2&#8243; _builder_version=&#8221;4.16&#8243; custom_padding=&#8221;|||&#8221; global_colors_info=&#8221;{}&#8221; custom_padding__hover=&#8221;|||&#8221;][et_pb_image src=&#8221;https:\/\/blessix.ee\/wp-content\/uploads\/2022\/10\/Keratiin-juustele-Blessix-200-ml.png&#8221; title_text=&#8221;Keratiin juustele Blessix, 200 ml&#8221; _builder_version=&#8221;4.18.0&#8243; _module_preset=&#8221;default&#8221; box_shadow_style=&#8221;preset1&#8243; box_shadow_blur=&#8221;4px&#8221; global_colors_info=&#8221;{}&#8221;][\/et_pb_image][\/et_pb_column][et_pb_column type=&#8221;1_2&#8243; _builder_version=&#8221;4.16&#8243; custom_padding=&#8221;|||&#8221; global_colors_info=&#8221;{}&#8221; custom_padding__hover=&#8221;|||&#8221;][et_pb_wc_title _builder_version=&#8221;4.16&#8243; global_colors_info=&#8221;{}&#8221;][\/et_pb_wc_title][et_pb_text _builder_version=&#8221;4.18.0&#8243; _module_preset=&#8221;default&#8221; global_colors_info=&#8221;{}&#8221;]<\/p>\n<p>Regenereerib, silub, annab vol\u00fc\u00fcmi.<\/p>\n<p>T\u00f5hus juuste hooldus keratiini ja vitamiinidega. Parandab juuste struktuuri, tugevdab ja taastab \u00f5rna juuksekiu. Toode sisaldab h\u00fcdrol\u00fc\u00fcsitud keratiini, aktiivset elementi, mis imendudes aitab t\u00f5hustada juuksekiu tugevdamist. Selle t\u00f5ttu on juuksed kaitstud ja muutuvad iga p\u00e4evaga tugevamaks. Juuksed n\u00e4evad v\u00e4lja tervetena, s\u00e4ravate ja elusatena. Lisaks sellele muudab juuksekeratiin m\u00e4rgatavalt juukse struktuuri ja tagab sobiva niiskuse taseme, muutes kammimise ja t\u00f6\u00f6tlemise lihtsamaks.T\u00e4nu optimaalsele valemile saab toodet kasutada k\u00f5ikide juuste t\u00fc\u00fcpide jaoks. See on eriti soovitatav blondidele, \u00f5hukestele,n\u00f5rkadele ja kuivadele, habrastele juustele.<\/p>\n<p>[\/et_pb_text][et_pb_wc_price _builder_version=&#8221;4.18.0&#8243; before_sale_price_text_color=&#8221;#000000&#8243; sale_price_text_color=&#8221;#ff2323&#8243; global_colors_info=&#8221;{}&#8221;][\/et_pb_wc_price][et_pb_wc_description _builder_version=&#8221;4.16&#8243; global_colors_info=&#8221;{}&#8221;][\/et_pb_wc_description][et_pb_wc_add_to_cart _builder_version=&#8221;4.18.0&#8243; custom_button=&#8221;on&#8221; button_text_color=&#8221;#000000&#8243; button_border_color=&#8221;#000000&#8243; button_use_icon=&#8221;off&#8221; global_colors_info=&#8221;{}&#8221; button_bg_color__hover_enabled=&#8221;on|hover&#8221; button_bg_color__hover=&#8221;rgba(170,170,170,0.2)&#8221; button_bg_enable_color__hover=&#8221;on&#8221;][\/et_pb_wc_add_to_cart][\/et_pb_column][\/et_pb_row][et_pb_row _builder_version=&#8221;4.16&#8243; background_size=&#8221;initial&#8221; background_position=&#8221;top_left&#8221; background_repeat=&#8221;repeat&#8221; width=&#8221;100%&#8221; global_colors_info=&#8221;{}&#8221;][et_pb_column type=&#8221;4_4&#8243; _builder_version=&#8221;4.16&#8243; custom_padding=&#8221;|||&#8221; global_colors_info=&#8221;{}&#8221; custom_padding__hover=&#8221;|||&#8221;][et_pb_tabs _builder_version=&#8221;4.18.0&#8243; _module_preset=&#8221;default&#8221; global_colors_info=&#8221;{}&#8221;][et_pb_tab title=&#8221;Kirjeldus&#8221; _builder_version=&#8221;4.18.0&#8243; _module_preset=&#8221;default&#8221; global_colors_info=&#8221;{}&#8221;]<\/p>\n<p>Regenereerib, silub, annab vol\u00fc\u00fcmi.<\/p>\n<p>T\u00f5hus juuste hooldus keratiini ja vitamiinidega. Parandab juuste struktuuri, tugevdab ja taastab \u00f5rna juuksekiu. Toode sisaldab h\u00fcdrol\u00fc\u00fcsitud keratiini, aktiivset elementi, mis imendudes aitab t\u00f5hustada juuksekiu tugevdamist. Selle t\u00f5ttu on juuksed kaitstud ja muutuvad iga p\u00e4evaga tugevamaks. Juuksed n\u00e4evad v\u00e4lja tervetena, s\u00e4ravate ja elusatena. Lisaks sellele muudab juuksekeratiin m\u00e4rgatavalt juukse struktuuri ja tagab sobiva niiskuse taseme, muutes kammimise ja t\u00f6\u00f6tlemise lihtsamaks.T\u00e4nu optimaalsele valemile saab toodet kasutada k\u00f5ikide juuste t\u00fc\u00fcpide jaoks. See on eriti soovitatav blondidele, \u00f5hukestele,n\u00f5rkadele ja kuivadele, habrastele juustele.<\/p>\n<p>[\/et_pb_tab][et_pb_tab title=&#8221;Kasutamine&#8221; _builder_version=&#8221;4.18.0&#8243; _module_preset=&#8221;default&#8221; global_colors_info=&#8221;{}&#8221;]<\/p>\n<p><span>Kanda kuivadesse v\u00f5i r\u00e4tikukuivadesse juustesse. Sobib eriti h\u00e4sti blondidele v\u00f5i \u00f5hukestele juustele, v\u00f5i ka neile kes soovivad oma juukseid keratiiniga toita ja sirgemaks muuta. Hea kasutada ka enne f\u00f6\u00f6nitamist v\u00f5i kuumt\u00f6\u00f6tlemist. V\u00e4ga hea kasutada koos toitva juukseseerumi v\u00f5i termokaitse superseerumiga. Aitab juukseid sirgematena hoida.<\/span><\/p>\n<p>[\/et_pb_tab][et_pb_tab title=&#8221;Omadused&#8221; _builder_version=&#8221;4.18.0&#8243; _module_preset=&#8221;default&#8221; global_colors_info=&#8221;{}&#8221;]<\/p>\n<p><span>L\u00d5HNANOOT: mahlased l\u00f5unamaised puuviljad. Sisaldab s\u00e4ramikronit \u2013<\/span><span><\/span><\/p>\n<p>Aktiivsed elemendid: h\u00fcdrol\u00fc\u00fcsitud keratiin, pantenool, kaltsiumi \u00fchendid, vitamiinid: B8, H, A<\/p>\n<p>[\/et_pb_tab][\/et_pb_tabs][\/et_pb_column][\/et_pb_row][\/et_pb_section]<\/p>\n","protected":false},"excerpt":{"rendered":"<ol>\n<li><\/li>\n<\/ol>","protected":false},"featured_media":40,"comment_status":"open","ping_status":"closed","template":"","meta":{"_et_pb_use_builder":"on","_et_pb_old_content":"<ol>\r\n \t<li><\/li>\r\n<\/ol>","_et_gb_content_width":"","om_disable_all_campaigns":false,"_monsterinsights_skip_tracking":false,"_monsterinsights_sitenote_active":false,"_monsterinsights_sitenote_note":"","_monsterinsights_sitenote_category":0,"_themeisle_gutenberg_block_has_review":false},"product_brand":[],"product_cat":[21],"product_tag":[],"class_list":{"0":"post-76","1":"product","2":"type-product","3":"status-publish","4":"has-post-thumbnail","6":"product_cat-juuksehooldus","8":"first","9":"instock","10":"shipping-taxable","11":"purchasable","12":"product-type-simple"},"aioseo_notices":[],"jetpack_sharing_enabled":true,"_links":{"self":[{"href":"https:\/\/blessix.ee\/fi\/wp-json\/wp\/v2\/product\/76","targetHints":{"allow":["GET"]}}],"collection":[{"href":"https:\/\/blessix.ee\/fi\/wp-json\/wp\/v2\/product"}],"about":[{"href":"https:\/\/blessix.ee\/fi\/wp-json\/wp\/v2\/types\/product"}],"replies":[{"embeddable":true,"href":"https:\/\/blessix.ee\/fi\/wp-json\/wp\/v2\/comments?post=76"}],"wp:featuredmedia":[{"embeddable":true,"href":"https:\/\/blessix.ee\/fi\/wp-json\/wp\/v2\/media\/40"}],"wp:attachment":[{"href":"https:\/\/blessix.ee\/fi\/wp-json\/wp\/v2\/media?parent=76"}],"wp:term":[{"taxonomy":"product_brand","embeddable":true,"href":"https:\/\/blessix.ee\/fi\/wp-json\/wp\/v2\/product_brand?post=76"},{"taxonomy":"product_cat","embeddable":true,"href":"https:\/\/blessix.ee\/fi\/wp-json\/wp\/v2\/product_cat?post=76"},{"taxonomy":"product_tag","embeddable":true,"href":"https:\/\/blessix.ee\/fi\/wp-json\/wp\/v2\/product_tag?post=76"}],"curies":[{"name":"wp","href":"https:\/\/api.w.org\/{rel}","templated":true}]}}