{"id":779,"date":"2024-03-13T08:45:41","date_gmt":"2024-03-13T08:45:41","guid":{"rendered":"https:\/\/blessix.ee\/?post_type=product&#038;p=779"},"modified":"2025-06-18T10:15:47","modified_gmt":"2025-06-18T10:15:47","slug":"valge-kuld-8ml","status":"publish","type":"product","link":"https:\/\/blessix.ee\/fi\/product\/valge-kuld-8ml\/","title":{"rendered":"Valge kuld 8ml"},"content":{"rendered":"<p>[et_pb_section fb_built=&#8221;1&#8243; _builder_version=&#8221;4.16&#8243; custom_padding=&#8221;0px||||false|false&#8221; global_colors_info=&#8221;{}&#8221;][et_pb_row _builder_version=&#8221;4.16&#8243; background_size=&#8221;initial&#8221; background_position=&#8221;top_left&#8221; background_repeat=&#8221;repeat&#8221; width=&#8221;100%&#8221; custom_padding=&#8221;0px||0px||false|false&#8221; global_colors_info=&#8221;{}&#8221;][et_pb_column type=&#8221;4_4&#8243; _builder_version=&#8221;4.16&#8243; custom_padding=&#8221;|||&#8221; global_colors_info=&#8221;{}&#8221; custom_padding__hover=&#8221;|||&#8221;][et_pb_wc_cart_notice _builder_version=&#8221;4.24.2&#8243; custom_button=&#8221;on&#8221; button_text_color=&#8221;#ff47fc&#8221; button_border_width=&#8221;1px&#8221; button_border_color=&#8221;#ff47fc&#8221; global_colors_info=&#8221;{}&#8221; button_bg_color__hover_enabled=&#8221;on|desktop&#8221; button_text_color__hover_enabled=&#8221;on|hover&#8221; button_text_color__hover=&#8221;#FFFFFF&#8221; button_border_color__hover_enabled=&#8221;on|hover&#8221; button_border_color__hover=&#8221;#FFFFFF&#8221;][\/et_pb_wc_cart_notice][\/et_pb_column][\/et_pb_row][et_pb_row column_structure=&#8221;1_2,1_2&#8243; _builder_version=&#8221;4.16&#8243; background_size=&#8221;initial&#8221; background_position=&#8221;top_left&#8221; background_repeat=&#8221;repeat&#8221; width=&#8221;100%&#8221; custom_padding=&#8221;0px||||false|false&#8221; global_colors_info=&#8221;{}&#8221;][et_pb_column type=&#8221;1_2&#8243; _builder_version=&#8221;4.16&#8243; custom_padding=&#8221;|||&#8221; global_colors_info=&#8221;{}&#8221; custom_padding__hover=&#8221;|||&#8221;][et_pb_image src=&#8221;https:\/\/blessix.ee\/wp-content\/uploads\/2024\/03\/Valge-kuld-toode.png&#8221; title_text=&#8221;Valge kuld toode&#8221; _builder_version=&#8221;4.24.2&#8243; _module_preset=&#8221;default&#8221; box_shadow_style=&#8221;preset1&#8243; global_colors_info=&#8221;{}&#8221;][\/et_pb_image][\/et_pb_column][et_pb_column type=&#8221;1_2&#8243; _builder_version=&#8221;4.16&#8243; custom_padding=&#8221;|||&#8221; global_colors_info=&#8221;{}&#8221; custom_padding__hover=&#8221;|||&#8221;][et_pb_wc_title _builder_version=&#8221;4.16&#8243; global_colors_info=&#8221;{}&#8221;][\/et_pb_wc_title][et_pb_wc_price _builder_version=&#8221;4.16&#8243; global_colors_info=&#8221;{}&#8221;][\/et_pb_wc_price][et_pb_wc_description _builder_version=&#8221;4.16&#8243; global_colors_info=&#8221;{}&#8221;][\/et_pb_wc_description][et_pb_wc_add_to_cart _builder_version=&#8221;4.16&#8243; global_colors_info=&#8221;{}&#8221;][\/et_pb_wc_add_to_cart][\/et_pb_column][\/et_pb_row][et_pb_row _builder_version=&#8221;4.24.2&#8243; _module_preset=&#8221;default&#8221; width=&#8221;100%&#8221; global_colors_info=&#8221;{}&#8221;][et_pb_column type=&#8221;4_4&#8243; _builder_version=&#8221;4.24.2&#8243; _module_preset=&#8221;default&#8221; global_colors_info=&#8221;{}&#8221;][et_pb_tabs _builder_version=&#8221;4.24.2&#8243; _module_preset=&#8221;default&#8221; global_colors_info=&#8221;{}&#8221;][et_pb_tab title=&#8221;Kasutamine&#8221; _builder_version=&#8221;4.24.2&#8243; _module_preset=&#8221;default&#8221; global_colors_info=&#8221;{}&#8221;]Kasutada kullakreemidega, v\u00f5ib raputada kreemi sisse v\u00f5i kasutada peale kullaga silma\u00fcmbrusgeeli ja kullakreemi Glamour v\u00f5i siidikreemiga kreemitamist. Lisada ettevaatlikult pintseti v\u00f5i peenikese pintslikesega kuldhelbekesed silma\u00fcmbrusele naerukurdurdudele, miimikakortsukestele, laubale ja kulmude vahele ning p\u00e4rast m\u00f5ningast m\u00f5jumist masseerida sisse. V\u00f5id teha ka kuldmaski: Sega v\u00e4ike kogus kreemi ja veerand v\u00e4ikest teeluskikat helbekesi, kanna \u00fcle kogu n\u00e4o ja lase m\u00f5juda 30 minutit, seej\u00e4rel masseeri sisse. V\u00f5ib kasutada n\u00e4ol. kaelal ja dekolteel. Lisaks v\u00f5id kuldhelbejesi kasutada kosmeetikas ilut\u00e4ppidena. Tegelikud on v\u00f5imalused piiritud, miks mitte kasutada ka expressos v\u00f5i eriti luksuslikuks kaunistuseks oma lemmik roal v\u00f5i joogil. Kuld on testitud \u0160veitsi Nahakliinikus ja teaduslikult t\u00f5endatud kasulikud omadused nahahoolduses. Nahatestimise Instituu hinnangu p\u00f5hjal tuvastati uuringu k\u00e4igus, et kulla kasutusega peale 8 n\u00e4dalat paranes naha elastsus 13%. Nahk tundus s\u00e4ravam 80% ja puhtam 29% ning siledam 14%. 2 kuu p\u00e4rast olid v\u00e4iksed kortsukesed v\u00e4hem n\u00e4htavad, seda n\u00e4itas k\u00f5rge eraldusv\u00f5imega n\u00e4ofoto anal\u00fc\u00fcs.<br \/>\n[\/et_pb_tab][et_pb_tab title=&#8221;Koostis&#8221; _builder_version=&#8221;4.24.2&#8243; _module_preset=&#8221;default&#8221; global_colors_info=&#8221;{}&#8221;]Naturaalne valge kuld<br \/>\n[\/et_pb_tab][\/et_pb_tabs][\/et_pb_column][\/et_pb_row][\/et_pb_section]<\/p>\n","protected":false},"excerpt":{"rendered":"<p>Kasutada kullakreemidega, v\u00f5ib raputada kreemi sisse v\u00f5i kasutada peale kullaga silma\u00fcmbrusgeeli ja kullakreemi Glamour v\u00f5i siidikreemiga kreemitamist. Lisada ettevaatlikult pintseti v\u00f5i peenikese pintslikesega kuldhelbekesed silma\u00fcmbrusele naerukurdurdudele, miimikakortsukestele, laubale ja kulmude vahele ning p\u00e4rast m\u00f5ningast m\u00f5jumist masseerida sisse. V\u00f5id teha ka kuldmaski: Sega v\u00e4ike kogus kreemi ja veerand v\u00e4ikest teeluskikat helbekesi, kanna \u00fcle kogu n\u00e4o ja [&hellip;]<\/p>\n","protected":false},"featured_media":780,"comment_status":"open","ping_status":"closed","template":"","meta":{"_et_pb_use_builder":"on","_et_pb_old_content":"Kasutus: Kasutada kullakreemidega, v\u00f5ib raputada kreemi sisse v\u00f5i kasutada peale kullaga silma\u00fcmbrusgeeli ja kullakreemi Glamour v\u00f5i siidikreemiga kreemitamist. Lisada ettevaatlikult pintseti v\u00f5i peenikese pintslikesega kuldhelbekesed silma\u00fcmbrusele naerukurdurdudele, miimikakortsukestele, laubale ja kulmude vahele ning p\u00e4rast m\u00f5ningast m\u00f5jumist masseerida sisse. V\u00f5id teha ka kuldmaski: Sega v\u00e4ike kogus kreemi ja veerand v\u00e4ikest teeluskikat helbekesi, kanna \u00fcle kogu n\u00e4o ja lase m\u00f5juda 30 minutit, seej\u00e4rel masseeri sisse. V\u00f5ib kasutada n\u00e4gu. kael ja dekoltee piirkonnas. Lisaks v\u00f5id kuldhelbejesi kasutada kosmeetikas ilut\u00e4ppidena. Kuld on testitud \u0160veitsi Nahakliinikus ja teaduslikult t\u00f5endatud kasulikud omadused nahahoolduses. Nahatestimise Instituu hinnangu p\u00f5hjal tuvastati uuringu k\u00e4igus, et kulla kasutusega peale 8 n\u00e4dalat paranes naha elastsus 13%. Nahk tundus s\u00e4ravam 80% ja puhtam 29% ning siledam 14%. 2 kuu p\u00e4rast olid v\u00e4iksed kortsukesed v\u00e4hem n\u00e4htavad, seda n\u00e4itas k\u00f5rge eraldusv\u00f5imega n\u00e4ofoto anal\u00fc\u00fcs.","_et_gb_content_width":"","om_disable_all_campaigns":false,"_monsterinsights_skip_tracking":false,"_monsterinsights_sitenote_active":false,"_monsterinsights_sitenote_note":"","_monsterinsights_sitenote_category":0,"_themeisle_gutenberg_block_has_review":false},"product_brand":[],"product_cat":[26],"product_tag":[],"class_list":{"0":"post-779","1":"product","2":"type-product","3":"status-publish","4":"has-post-thumbnail","6":"product_cat-naohooldus","8":"first","9":"instock","10":"shipping-taxable","11":"purchasable","12":"product-type-simple"},"aioseo_notices":[],"jetpack_sharing_enabled":true,"_links":{"self":[{"href":"https:\/\/blessix.ee\/fi\/wp-json\/wp\/v2\/product\/779","targetHints":{"allow":["GET"]}}],"collection":[{"href":"https:\/\/blessix.ee\/fi\/wp-json\/wp\/v2\/product"}],"about":[{"href":"https:\/\/blessix.ee\/fi\/wp-json\/wp\/v2\/types\/product"}],"replies":[{"embeddable":true,"href":"https:\/\/blessix.ee\/fi\/wp-json\/wp\/v2\/comments?post=779"}],"wp:featuredmedia":[{"embeddable":true,"href":"https:\/\/blessix.ee\/fi\/wp-json\/wp\/v2\/media\/780"}],"wp:attachment":[{"href":"https:\/\/blessix.ee\/fi\/wp-json\/wp\/v2\/media?parent=779"}],"wp:term":[{"taxonomy":"product_brand","embeddable":true,"href":"https:\/\/blessix.ee\/fi\/wp-json\/wp\/v2\/product_brand?post=779"},{"taxonomy":"product_cat","embeddable":true,"href":"https:\/\/blessix.ee\/fi\/wp-json\/wp\/v2\/product_cat?post=779"},{"taxonomy":"product_tag","embeddable":true,"href":"https:\/\/blessix.ee\/fi\/wp-json\/wp\/v2\/product_tag?post=779"}],"curies":[{"name":"wp","href":"https:\/\/api.w.org\/{rel}","templated":true}]}}