{"id":79,"date":"2022-10-06T15:09:54","date_gmt":"2022-10-06T15:09:54","guid":{"rendered":"https:\/\/blessix.ee\/?post_type=product&#038;p=79"},"modified":"2026-04-01T06:02:08","modified_gmt":"2026-04-01T06:02:08","slug":"juuksesiid-kullasaraga-blessix-200-ml","status":"publish","type":"product","link":"https:\/\/blessix.ee\/fi\/product\/juuksesiid-kullasaraga-blessix-200-ml\/","title":{"rendered":"Juuksesiid kullas\u00e4raga Blessix, 200 ml"},"content":{"rendered":"<p>[et_pb_section fb_built=&#8221;1&#8243; _builder_version=&#8221;4.16&#8243; custom_padding=&#8221;0px||||false|false&#8221; global_colors_info=&#8221;{}&#8221;][et_pb_row _builder_version=&#8221;4.16&#8243; background_size=&#8221;initial&#8221; background_position=&#8221;top_left&#8221; background_repeat=&#8221;repeat&#8221; width=&#8221;100%&#8221; custom_padding=&#8221;0px||0px||false|false&#8221; global_colors_info=&#8221;{}&#8221;][et_pb_column type=&#8221;4_4&#8243; _builder_version=&#8221;4.16&#8243; custom_padding=&#8221;|||&#8221; global_colors_info=&#8221;{}&#8221; custom_padding__hover=&#8221;|||&#8221;][et_pb_wc_cart_notice _builder_version=&#8221;4.18.0&#8243; background_color=&#8221;#000000&#8243; custom_button=&#8221;on&#8221; button_text_color=&#8221;#ff47fc&#8221; button_bg_color=&#8221;RGBA(255,255,255,0)&#8221; button_border_width=&#8221;1px&#8221; button_border_color=&#8221;#ff47fc&#8221; global_colors_info=&#8221;{}&#8221; button_bg_color__hover_enabled=&#8221;on|desktop&#8221; button_bg_color__hover=&#8221;rgba(255,255,255,0.1)&#8221; button_bg_enable_color__hover=&#8221;on&#8221; button_text_color__hover_enabled=&#8221;on|hover&#8221; button_text_color__hover=&#8221;#FFFFFF&#8221; button_border_color__hover_enabled=&#8221;on|hover&#8221; button_border_color__hover=&#8221;#FFFFFF&#8221;][\/et_pb_wc_cart_notice][\/et_pb_column][\/et_pb_row][et_pb_row column_structure=&#8221;1_2,1_2&#8243; _builder_version=&#8221;4.16&#8243; background_size=&#8221;initial&#8221; background_position=&#8221;top_left&#8221; background_repeat=&#8221;repeat&#8221; width=&#8221;100%&#8221; custom_padding=&#8221;0px||||false|false&#8221; global_colors_info=&#8221;{}&#8221;][et_pb_column type=&#8221;1_2&#8243; _builder_version=&#8221;4.16&#8243; custom_padding=&#8221;|||&#8221; global_colors_info=&#8221;{}&#8221; custom_padding__hover=&#8221;|||&#8221;][et_pb_image src=&#8221;https:\/\/blessix.ee\/wp-content\/uploads\/2022\/10\/juuksesiid.png&#8221; title_text=&#8221;juuksesiid&#8221; _builder_version=&#8221;4.18.0&#8243; _module_preset=&#8221;default&#8221; box_shadow_style=&#8221;preset1&#8243; box_shadow_spread=&#8221;-4px&#8221; global_colors_info=&#8221;{}&#8221;][\/et_pb_image][\/et_pb_column][et_pb_column type=&#8221;1_2&#8243; _builder_version=&#8221;4.16&#8243; custom_padding=&#8221;|||&#8221; global_colors_info=&#8221;{}&#8221; custom_padding__hover=&#8221;|||&#8221;][et_pb_wc_title _builder_version=&#8221;4.16&#8243; global_colors_info=&#8221;{}&#8221;][\/et_pb_wc_title][et_pb_wc_price _builder_version=&#8221;4.18.0&#8243; before_sale_price_text_color=&#8221;#000000&#8243; sale_price_text_color=&#8221;#ff2323&#8243; global_colors_info=&#8221;{}&#8221;][\/et_pb_wc_price][et_pb_text _builder_version=&#8221;4.18.0&#8243; _module_preset=&#8221;default&#8221; global_colors_info=&#8221;{}&#8221;]<\/p>\n<p><span>Kaitsev ja hooldav juuksesiid on meie kliimas suurep\u00e4rane toode. Juuksesiidiga saad oma juukseid kaitsta nii kuuma (f\u00f6\u00f6nitamine, p\u00e4ike) kui ka k\u00fclma eest, lisasime sellele siidipeptiidi, kullas\u00e4ra ja vitamiine. Sisaldab vajalikke aineid, et juuksed kasvaksid tugevamad ja oleksid seet\u00f5ttu ka tervemad. Eemaldab staatilise elektri, juuksed on hooldatud, pehmemad ja siidised. Panime mugavasse pudelisse 200 ml juuksesiidi, et saaksid seda kauem kasutada. Suurep\u00e4rane kasutada koos juukse\u00f5li ja siidise juuksemaskiga. Annab kuumakaitse (sirgendamine, f\u00f6\u00f6nitamine, p\u00e4ike) ja k\u00fclmakaitse, paneb juuksed m\u00f5nusalt l\u00f5hnama ja kaitseb neid ilmastiku m\u00f5jude ning staatilise elektri eest. Sobib keskmise ja tugevamale juuksestruktuurile.<\/span><\/p>\n<p>[\/et_pb_text][et_pb_wc_description _builder_version=&#8221;4.16&#8243; global_colors_info=&#8221;{}&#8221;][\/et_pb_wc_description][et_pb_wc_add_to_cart _builder_version=&#8221;4.18.0&#8243; custom_button=&#8221;on&#8221; button_text_color=&#8221;#000000&#8243; button_border_color=&#8221;#000000&#8243; button_border_radius=&#8221;1px&#8221; button_use_icon=&#8221;off&#8221; global_colors_info=&#8221;{}&#8221; button_bg_color__hover_enabled=&#8221;on|hover&#8221; button_bg_color__hover=&#8221;rgba(170,170,170,0.2)&#8221; button_bg_enable_color__hover=&#8221;on&#8221;][\/et_pb_wc_add_to_cart][\/et_pb_column][\/et_pb_row][et_pb_row _builder_version=&#8221;4.16&#8243; background_size=&#8221;initial&#8221; background_position=&#8221;top_left&#8221; background_repeat=&#8221;repeat&#8221; width=&#8221;100%&#8221; global_colors_info=&#8221;{}&#8221;][et_pb_column type=&#8221;4_4&#8243; _builder_version=&#8221;4.16&#8243; custom_padding=&#8221;|||&#8221; global_colors_info=&#8221;{}&#8221; custom_padding__hover=&#8221;|||&#8221;][et_pb_tabs _builder_version=&#8221;4.18.0&#8243; _module_preset=&#8221;default&#8221; global_colors_info=&#8221;{}&#8221;][et_pb_tab title=&#8221;Kirjeldus&#8221; _builder_version=&#8221;4.18.0&#8243; _module_preset=&#8221;default&#8221; global_colors_info=&#8221;{}&#8221;]<\/p>\n<p><span>Kaitsev ja hooldav juuksesiid on meie kliimas suurep\u00e4rane toode. Juuksesiidiga saad oma juukseid kaitsta nii kuuma (f\u00f6\u00f6nitamine, p\u00e4ike) kui ka k\u00fclma eest, lisasime sellele siidipeptiidi, kullas\u00e4ra ja vitamiine. Sisaldab vajalikke aineid, et juuksed kasvaksid tugevamad ja oleksid seet\u00f5ttu ka tervemad. Eemaldab staatilise elektri, juuksed on hooldatud, pehmemad ja siidised. Panime mugavasse pudelisse 200 ml juuksesiidi, et saaksid seda kauem kasutada. Suurep\u00e4rane kasutada koos juukse\u00f5li ja siidise juuksemaskiga. Annab kuumakaitse (sirgendamine, f\u00f6\u00f6nitamine, p\u00e4ike) ja k\u00fclmakaitse, paneb juuksed m\u00f5nusalt l\u00f5hnama ja kaitseb neid ilmastiku m\u00f5jude ning staatilise elektri eest. Sobib keskmise ja tugevamale juuksestruktuurile.<\/span><\/p>\n<p>[\/et_pb_tab][et_pb_tab title=&#8221;Koostis&#8221; _builder_version=&#8221;4.18.0&#8243; _module_preset=&#8221;default&#8221; global_colors_info=&#8221;{}&#8221;]<\/p>\n<p><span>Aqua, Cocamidopropyl Betaine,Hydrolyzed Silk,Panthenol, Phenoxyethanol,PEG-20 Castor Oil,Propylene Glycol PEG-60 Hydrogenated Castor Oil,Calcium Pantothenate, Inositol, Biotin, Retinol,Tocopheryl Acetate, Glyceryl Linoleat, Glyceryl Arachidonate, vitamiinid<\/span><\/p>\n<div>Parfum<\/div>\n<p>[\/et_pb_tab][et_pb_tab title=&#8221;Kasutamine&#8221; _builder_version=&#8221;4.18.0&#8243; _module_preset=&#8221;default&#8221; global_colors_info=&#8221;{}&#8221;]<\/p>\n<p>Enne kasutamist loksuta, piserda niisketele juustele (enne f\u00f6\u00f6nitamist). Hoia toatemperatuuril otsese p\u00e4iksevalguse eest kaitstult. V\u00f5id kasutada ka kuivadele juustele.<\/p>\n<p>Veendu, et Sul ei ole koostisainete suhtes allergiat.<\/p>\n<p>[\/et_pb_tab][\/et_pb_tabs][\/et_pb_column][\/et_pb_row][\/et_pb_section]<\/p>\n","protected":false},"excerpt":{"rendered":"<p>Kaitsev ja hooldav juuksesiid on meie kliimas suurep\u00e4rane toode. Juuksesiidiga saad oma juukseid kaitsta nii kuuma (f\u00f6\u00f6nitamine, p\u00e4ike) kui ka k\u00fclma eest, lisasime sellele siidipeptiidi, kullas\u00e4ra ja vitamiine. Sisaldab vajalikke aineid, et juuksed kasvaksid tugevamad ja oleksid seet\u00f5ttu ka tervemad. Eemaldab staatilise elektri, juuksed on hooldatud, pehmemad ja siidised. Panime mugavasse pudelisse 200 ml juuksesiidi, [&hellip;]<\/p>\n","protected":false},"featured_media":86,"comment_status":"open","ping_status":"closed","template":"","meta":{"_et_pb_use_builder":"on","_et_pb_old_content":"","_et_gb_content_width":"","om_disable_all_campaigns":false,"_monsterinsights_skip_tracking":false,"_monsterinsights_sitenote_active":false,"_monsterinsights_sitenote_note":"","_monsterinsights_sitenote_category":0,"_themeisle_gutenberg_block_has_review":false},"product_brand":[],"product_cat":[21],"product_tag":[],"class_list":{"0":"post-79","1":"product","2":"type-product","3":"status-publish","4":"has-post-thumbnail","6":"product_cat-juuksehooldus","8":"first","9":"instock","10":"shipping-taxable","11":"purchasable","12":"product-type-simple"},"aioseo_notices":[],"jetpack_sharing_enabled":true,"_links":{"self":[{"href":"https:\/\/blessix.ee\/fi\/wp-json\/wp\/v2\/product\/79","targetHints":{"allow":["GET"]}}],"collection":[{"href":"https:\/\/blessix.ee\/fi\/wp-json\/wp\/v2\/product"}],"about":[{"href":"https:\/\/blessix.ee\/fi\/wp-json\/wp\/v2\/types\/product"}],"replies":[{"embeddable":true,"href":"https:\/\/blessix.ee\/fi\/wp-json\/wp\/v2\/comments?post=79"}],"wp:featuredmedia":[{"embeddable":true,"href":"https:\/\/blessix.ee\/fi\/wp-json\/wp\/v2\/media\/86"}],"wp:attachment":[{"href":"https:\/\/blessix.ee\/fi\/wp-json\/wp\/v2\/media?parent=79"}],"wp:term":[{"taxonomy":"product_brand","embeddable":true,"href":"https:\/\/blessix.ee\/fi\/wp-json\/wp\/v2\/product_brand?post=79"},{"taxonomy":"product_cat","embeddable":true,"href":"https:\/\/blessix.ee\/fi\/wp-json\/wp\/v2\/product_cat?post=79"},{"taxonomy":"product_tag","embeddable":true,"href":"https:\/\/blessix.ee\/fi\/wp-json\/wp\/v2\/product_tag?post=79"}],"curies":[{"name":"wp","href":"https:\/\/api.w.org\/{rel}","templated":true}]}}